{"id":736,"date":"2023-12-25T13:36:33","date_gmt":"2023-12-25T12:36:33","guid":{"rendered":"https:\/\/levadon.fr\/?page_id=736"},"modified":"2024-02-13T14:03:20","modified_gmt":"2024-02-13T13:03:20","slug":"noel-arnassant","status":"publish","type":"page","link":"https:\/\/levadon.fr\/index.php\/noel-arnassant\/","title":{"rendered":"Noel Arnassant"},"content":{"rendered":"\t\t<div data-elementor-type=\"wp-page\" data-elementor-id=\"736\" class=\"elementor elementor-736\" data-elementor-post-type=\"page\">\n\t\t\t\t<div class=\"elementor-element elementor-element-3d7456c7 e-con-full e-flex e-con e-parent\" data-id=\"3d7456c7\" data-element_type=\"container\" data-e-type=\"container\" data-settings=\"{&quot;background_background&quot;:&quot;classic&quot;}\">\n\t\t\t\t<\/div>\n\t\t<div class=\"elementor-element elementor-element-7ff163ef e-flex e-con-boxed e-con e-parent\" data-id=\"7ff163ef\" data-element_type=\"container\" data-e-type=\"container\" data-settings=\"{&quot;background_background&quot;:&quot;classic&quot;}\">\n\t\t\t\t\t<div class=\"e-con-inner\">\n\t\t<div class=\"elementor-element elementor-element-6fb1c639 e-con-full e-flex e-con e-child\" data-id=\"6fb1c639\" data-element_type=\"container\" data-e-type=\"container\" data-settings=\"{&quot;background_background&quot;:&quot;classic&quot;}\">\n\t\t\t\t<div class=\"elementor-element elementor-element-349ea663 elementor-widget elementor-widget-heading\" data-id=\"349ea663\" data-element_type=\"widget\" data-e-type=\"widget\" data-widget_type=\"heading.default\">\n\t\t\t\t<div class=\"elementor-widget-container\">\n\t\t\t\t\t<h1 class=\"elementor-heading-title elementor-size-default\">Noel Arnassant<\/h1>\t\t\t\t<\/div>\n\t\t\t\t<\/div>\n\t\t\t\t<\/div>\n\t\t<div class=\"elementor-element elementor-element-18dec982 e-con-full e-flex e-con e-child\" data-id=\"18dec982\" data-element_type=\"container\" data-e-type=\"container\" data-settings=\"{&quot;background_background&quot;:&quot;classic&quot;}\">\n\t\t\t\t<div class=\"elementor-element elementor-element-69ac2d0 elementor-widget elementor-widget-heading\" data-id=\"69ac2d0\" data-element_type=\"widget\" data-e-type=\"widget\" data-widget_type=\"heading.default\">\n\t\t\t\t<div class=\"elementor-widget-container\">\n\t\t\t\t\t<h2 class=\"elementor-heading-title elementor-size-default\">(1826-1890)<\/h2>\t\t\t\t<\/div>\n\t\t\t\t<\/div>\n\t\t\t\t<\/div>\n\t\t\t\t\t<\/div>\n\t\t\t\t<\/div>\n\t\t<div class=\"elementor-element elementor-element-b6c9c6 e-flex e-con-boxed e-con e-parent\" data-id=\"b6c9c6\" data-element_type=\"container\" data-e-type=\"container\" data-settings=\"{&quot;background_background&quot;:&quot;classic&quot;}\">\n\t\t\t\t\t<div class=\"e-con-inner\">\n\t\t\t\t<div class=\"elementor-element elementor-element-1d9bcd5 elementor-drop-cap-yes elementor-drop-cap-view-default elementor-widget elementor-widget-text-editor\" data-id=\"1d9bcd5\" data-element_type=\"widget\" data-e-type=\"widget\" data-settings=\"{&quot;drop_cap&quot;:&quot;yes&quot;}\" data-widget_type=\"text-editor.default\">\n\t\t\t\t<div class=\"elementor-widget-container\">\n\t\t\t\t\t\t\t\t\t<p>Noel Arnassant est un ancien Aigues-Mortais. <br \/>les seuls \u00e9l\u00e9ments connus jusqu&rsquo;\u00e0 pr\u00e9sent \u00e9taient sa tombe discr\u00e8te au cimeti\u00e8re de la ville, humble monument s\u00e9pulcral \u00e9lev\u00e9 gr\u00e2ce \u00e0 la souscription de deux soci\u00e9t\u00e9s musicales locales pour honorer son d\u00e9vouement lors des p\u00e9riodes d\u2019\u00e9pid\u00e9mies, ainsi qu\u2019une ancienne b\u00e2tisse aujourd\u2019hui disparue connue sous le nom de \u00ab\u00a0Cabane d\u2019Arnassant\u00a0\u00bb, un ancien \u00e9difice situ\u00e9 dans les Salins du midi qui semble li\u00e9 \u00e0 son nom de famille. De r\u00e9centes recherches r\u00e9alis\u00e9es par Fr\u00e9d\u00e9ric Simien ont permis d&rsquo;en savoir plus sur le personnage, sa famille, et de se faire une meilleure id\u00e9e sur l&rsquo;origine du nom donn\u00e9 au lieu qui porte son nom dans les salins <span style=\"text-decoration: underline;\"><a href=\"https:\/\/levadon.fr\/index.php\/cabane-darnassant\/\">[voir ici]<\/a><\/span><br \/>Le p\u00e8re de Noel \u00e9tait Hippolyte Arnassant, n\u00e9 \u00e0 Sommi\u00e8res en 1787 et d\u00e9c\u00e9d\u00e9 \u00e0 Aigues-Mortes \u00e0 l&rsquo;\u00e2ge de 73 ans. Il \u00e9tait lieutenant des douanes Royales. En 1822 il \u00e9pouse \u00e0 Aigues-Mortes Marie Emilie Reynaud. Parmi Les t\u00e9moins du mariage figure le fr\u00e8re de la mari\u00e9e, C\u00e8dre Barth\u00e9l\u00e9my Reynaud, alors contr\u00f4leur des salins de Peccais. De cette union vont naitre deux enfants, Noel et peut \u00eatre une s\u0153ur, Fran\u00e7oise (que l&rsquo;on retrouve dans la succession familiale apr\u00e8s la mort de ses parents).<br \/>Noel lui se marie \u00e0 Aigues-Mortes en 1855 avec Marie Sara Ventujol, originaire de Saint Gilles (1832-1905). Il a alors 29 ans est il est menuisier. le recensement de 1876 le signale vivant avec son \u00e9pouse \u00ab\u00a0rue des p\u00e9nitents blancs\u00a0\u00bb. De leur union naitrons deux enfants, Hippolyte (l&rsquo;ain\u00e9) et Marguerite. Au cimeti\u00e8re de la ville repose effectivement une d\u00e9nomm\u00e9e Marguerite Arnassant, \u00e9pouse Conte, d\u00e9c\u00e9d\u00e9e le 24 Mars 1949 \u00e0 l\u2019\u00e2ge de 81 ans. C&rsquo;\u00e9tait la fille de Noel. Elle \u00e9tait mari\u00e9e avec Jean Baptiste Conte. Ce sont les parents d&rsquo;Hippolyte Conte (1898-1988). On remarque le pr\u00e9nom d&rsquo;Hippolyte, qui a \u00e9t\u00e9 pr\u00e9serv\u00e9 au cours des g\u00e9n\u00e9rations.<\/p><p>Noel est embl\u00e9matique ce cette ancienne g\u00e9n\u00e9ration d\u2019Aigues-Mortais qui a v\u00e9cue des ann\u00e9es difficiles. Il n\u2019est pas encore adolescent lorsque le Rh\u00f4ne d\u00e9chain\u00e9 brise ses digues par deux fois, en Novembre 1840 et F\u00e9vrier 1841, d\u00e9vastant la r\u00e9gion, jetant \u00e9pouvante et consternation sur la ville.<\/p><p>\u00ab Maintenant, tout s\u2019est compl\u00e8tement \u00e9vanoui. Esp\u00e9rances de l\u2019agriculture, sp\u00e9culations du commerce, r\u00e9sultats probables et mat\u00e9riels de tant de peines et de labeurs. Il ne resterait \u00e0 vrai dire, que le d\u00e9sespoir, si la providence ne venait au secours de l\u2019homme, en faisant surgir dans son c\u0153ur, au milieu m\u00eame des plus grandes infortunes, la consolante id\u00e9e de jours plus heureux et d\u2019un moins sombre avenir \u00bb (Isidore Brun).<\/p><p>Une \u00e9pid\u00e9mie violente de m\u00e9ningite se d\u00e9clare peu apr\u00e8s les terribles inondations, aggrav\u00e9e par un hiver particuli\u00e8rement vigoureux. \u00ab Aux causes morbif\u00e8res ordinaires qui engendrent annuellement des fi\u00e8vres intermittentes, des fi\u00e8vres r\u00e9mittentes et pernicieuses vinrent se joindre les deux inondations de 1840 et 1841, suivies des neiges et des glaces de d\u00e9cembre 1841 \u00bb. Le m\u00e9moire du <span style=\"text-decoration: underline;\"><a href=\"https:\/\/levadon.fr\/index.php\/le-docteur-schilizzi\/\">Docteur Schilizzi<\/a><\/span>, l\u2019un des m\u00e9decins qui officiait \u00e0 Aigues-Mortes \u00e0 cette \u00e9poque, t\u00e9moigne de la duret\u00e9 de la maladie, qui emporte une partie de la population et plonge les Aigues-Mortais dans l\u2019effroi. La presse Nationale et locale s\u2019\u00e9meut de la situation dramatique v\u00e9cue par les habitants de la ville.<\/p><p><strong>Courrier du midi du 22 janvier 1842;<\/strong> \u00ab \u00e0 peine d\u00e9livr\u00e9e des eaux qui en faisait une \u00eele depuis deux mois, la ville d\u2019Aigues-Mortes est atteinte depuis quelques temps d\u2019une \u00e9pid\u00e9mie qui porte chaque jour l\u2019\u00e9pouvante et la mort au milieu de ses habitants. Le docteur Schilizzi, que ses talents et une exp\u00e9rience de vingt ans parmi nous, ont investi de la confiance presque g\u00e9n\u00e9rale, se voit forc\u00e9 aujourd\u2019hui, malgr\u00e9 son z\u00e8le et son amour pour son art, de demander aide et secours \u00e0 l\u2019honorable docteur Fontaine, que M. Le pr\u00e9fet, dans sa paternelle sollicitude, avait envoy\u00e9 en mission parmi nous. Il faut esp\u00e9rer qu\u2019on fera droit \u00e0 son philanthropique appel \u00bb.<\/p><p><strong>Courrier du Midi du 17 F\u00e9vrier 1842;<\/strong> \u00ab Apr\u00e8s les inondations r\u00e9it\u00e9r\u00e9es du Rh\u00f4ne, la destruction des Salins, l\u2019une des principales industries du pays, avait plong\u00e9 dans le d\u00e9nuement toute la classe ouvri\u00e8re de l\u2019historique cit\u00e9 lorsque, au commencement de cette ann\u00e9e, une plaie plus cruelle encore est venue assaillir inopin\u00e9ment toutes les classes de la population. L\u2019invasion de ce mal a \u00e9t\u00e9 si terrible, qu\u2019il frappait d\u2019une mort presque instantan\u00e9e les malheureux qui en \u00e9taient atteints, et que dans le mois de Janvier seulement, sur une population de 3000 \u00e2mes \u00e0 peine, quatre vingt personnes ont succomb\u00e9es \u00bb. Le journal stipule qu\u2019en date de parution de l\u2019article l\u2019\u00e9pid\u00e9mie semble toutefois d\u00e9croitre.<\/p>\t\t\t\t\t\t\t\t<\/div>\n\t\t\t\t<\/div>\n\t\t\t\t\t<\/div>\n\t\t\t\t<\/div>\n\t\t<div class=\"elementor-element elementor-element-583f0280 e-flex e-con-boxed e-con e-parent\" data-id=\"583f0280\" data-element_type=\"container\" data-e-type=\"container\" data-settings=\"{&quot;background_background&quot;:&quot;classic&quot;}\">\n\t\t\t\t\t<div class=\"e-con-inner\">\n\t\t\t\t<div class=\"elementor-element elementor-element-8d0ca9d elementor-widget elementor-widget-gallery\" data-id=\"8d0ca9d\" data-element_type=\"widget\" data-e-type=\"widget\" data-settings=\"{&quot;overlay_description&quot;:&quot;description&quot;,&quot;image_hover_animation&quot;:&quot;shrink-contained&quot;,&quot;columns_tablet&quot;:4,&quot;gap&quot;:{&quot;unit&quot;:&quot;px&quot;,&quot;size&quot;:40,&quot;sizes&quot;:[]},&quot;gap_mobile&quot;:{&quot;unit&quot;:&quot;px&quot;,&quot;size&quot;:25,&quot;sizes&quot;:[]},&quot;gap_tablet&quot;:{&quot;unit&quot;:&quot;px&quot;,&quot;size&quot;:15,&quot;sizes&quot;:[]},&quot;lazyload&quot;:&quot;yes&quot;,&quot;gallery_layout&quot;:&quot;grid&quot;,&quot;columns&quot;:4,&quot;columns_mobile&quot;:1,&quot;link_to&quot;:&quot;file&quot;,&quot;aspect_ratio&quot;:&quot;3:2&quot;,&quot;overlay_background&quot;:&quot;yes&quot;,&quot;content_hover_animation&quot;:&quot;fade-in&quot;}\" data-widget_type=\"gallery.default\">\n\t\t\t\t<div class=\"elementor-widget-container\">\n\t\t\t\t\t\t\t<div class=\"elementor-gallery__container\">\n\t\t\t\t\t\t\t<a class=\"e-gallery-item elementor-gallery-item elementor-animated-content\" href=\"https:\/\/levadon.fr\/wp-content\/uploads\/2023\/12\/RESTAU.2jpg.jpg\" data-elementor-open-lightbox=\"yes\" data-elementor-lightbox-slideshow=\"8d0ca9d\" data-e-action-hash=\"#elementor-action%3Aaction%3Dlightbox%26settings%3DeyJpZCI6MTQwOSwidXJsIjoiaHR0cHM6XC9cL2xldmFkb24uZnJcL3dwLWNvbnRlbnRcL3VwbG9hZHNcLzIwMjNcLzEyXC9SRVNUQVUuMmpwZy5qcGciLCJzbGlkZXNob3ciOiI4ZDBjYTlkIn0%3D\">\n\t\t\t\t\t<div class=\"e-gallery-image elementor-gallery-item__image\" data-thumbnail=\"https:\/\/levadon.fr\/wp-content\/uploads\/2023\/12\/RESTAU.2jpg.jpg\" data-width=\"528\" data-height=\"600\" aria-label=\"tombe restaur\u00e9e en 2022\" role=\"img\" ><\/div>\n\t\t\t\t\t\t\t\t\t\t\t<div class=\"elementor-gallery-item__overlay\"><\/div>\n\t\t\t\t\t\t\t\t\t\t\t\t\t\t\t<div class=\"elementor-gallery-item__content\">\n\t\t\t\t\t\t\t\t\t\t\t\t\t\t<div class=\"elementor-gallery-item__description\">\n\t\t\t\t\t\t\t\t\t\t\t\t\t\t\t\t\t\tRestauration de la tombe en 2022\t\t\t\t\t\t\t\t<\/div>\n\t\t\t\t\t\t\t\t\t\t\t\t<\/div>\n\t\t\t\t\t\t\t\t\t<\/a>\n\t\t\t\t\t\t\t<a class=\"e-gallery-item elementor-gallery-item elementor-animated-content\" href=\"https:\/\/levadon.fr\/wp-content\/uploads\/2023\/12\/LAURIER2.jpg\" data-elementor-open-lightbox=\"yes\" data-elementor-lightbox-slideshow=\"8d0ca9d\" data-e-action-hash=\"#elementor-action%3Aaction%3Dlightbox%26settings%3DeyJpZCI6MTQwOCwidXJsIjoiaHR0cHM6XC9cL2xldmFkb24uZnJcL3dwLWNvbnRlbnRcL3VwbG9hZHNcLzIwMjNcLzEyXC9MQVVSSUVSMi5qcGciLCJzbGlkZXNob3ciOiI4ZDBjYTlkIn0%3D\">\n\t\t\t\t\t<div class=\"e-gallery-image elementor-gallery-item__image\" data-thumbnail=\"https:\/\/levadon.fr\/wp-content\/uploads\/2023\/12\/LAURIER2.jpg\" data-width=\"528\" data-height=\"600\" aria-label=\"Ancien laurier\" role=\"img\" ><\/div>\n\t\t\t\t\t\t\t\t\t\t\t<div class=\"elementor-gallery-item__overlay\"><\/div>\n\t\t\t\t\t\t\t\t\t\t\t\t\t\t\t<div class=\"elementor-gallery-item__content\">\n\t\t\t\t\t\t\t\t\t\t\t\t\t\t<div class=\"elementor-gallery-item__description\">\n\t\t\t\t\t\t\t\t\t\t\t\t\t\t\t\t\t\tL'ancien Laurier blanc dans les ann\u00e9es 2000\t\t\t\t\t\t\t\t<\/div>\n\t\t\t\t\t\t\t\t\t\t\t\t<\/div>\n\t\t\t\t\t\t\t\t\t<\/a>\n\t\t\t\t\t\t\t<a class=\"e-gallery-item elementor-gallery-item elementor-animated-content\" href=\"https:\/\/levadon.fr\/wp-content\/uploads\/2023\/12\/EPITAPHE.2jpg.jpg\" data-elementor-open-lightbox=\"yes\" data-elementor-lightbox-slideshow=\"8d0ca9d\" data-e-action-hash=\"#elementor-action%3Aaction%3Dlightbox%26settings%3DeyJpZCI6MTQwNywidXJsIjoiaHR0cHM6XC9cL2xldmFkb24uZnJcL3dwLWNvbnRlbnRcL3VwbG9hZHNcLzIwMjNcLzEyXC9FUElUQVBIRS4yanBnLmpwZyIsInNsaWRlc2hvdyI6IjhkMGNhOWQifQ%3D%3D\">\n\t\t\t\t\t<div class=\"e-gallery-image elementor-gallery-item__image\" data-thumbnail=\"https:\/\/levadon.fr\/wp-content\/uploads\/2023\/12\/EPITAPHE.2jpg.jpg\" data-width=\"528\" data-height=\"600\" aria-label=\"\u00e9pitaphe\" role=\"img\" ><\/div>\n\t\t\t\t\t\t\t\t\t\t\t<div class=\"elementor-gallery-item__overlay\"><\/div>\n\t\t\t\t\t\t\t\t\t\t\t\t\t\t\t<div class=\"elementor-gallery-item__content\">\n\t\t\t\t\t\t\t\t\t\t\t\t\t\t<div class=\"elementor-gallery-item__description\">\n\t\t\t\t\t\t\t\t\t\t\t\t\t\t\t\t\t\tEpitaphe sur marbre\t\t\t\t\t\t\t\t<\/div>\n\t\t\t\t\t\t\t\t\t\t\t\t<\/div>\n\t\t\t\t\t\t\t\t\t<\/a>\n\t\t\t\t\t\t\t<a class=\"e-gallery-item elementor-gallery-item elementor-animated-content\" href=\"https:\/\/levadon.fr\/wp-content\/uploads\/2023\/12\/SOUSCFRIPTION.jpg\" data-elementor-open-lightbox=\"yes\" data-elementor-lightbox-slideshow=\"8d0ca9d\" data-e-action-hash=\"#elementor-action%3Aaction%3Dlightbox%26settings%3DeyJpZCI6MTM3OSwidXJsIjoiaHR0cHM6XC9cL2xldmFkb24uZnJcL3dwLWNvbnRlbnRcL3VwbG9hZHNcLzIwMjNcLzEyXC9TT1VTQ0ZSSVBUSU9OLmpwZyIsInNsaWRlc2hvdyI6IjhkMGNhOWQifQ%3D%3D\">\n\t\t\t\t\t<div class=\"e-gallery-image elementor-gallery-item__image\" data-thumbnail=\"https:\/\/levadon.fr\/wp-content\/uploads\/2023\/12\/SOUSCFRIPTION-768x247.jpg\" data-width=\"768\" data-height=\"247\" aria-label=\"souscription\" role=\"img\" ><\/div>\n\t\t\t\t\t\t\t\t\t\t\t<div class=\"elementor-gallery-item__overlay\"><\/div>\n\t\t\t\t\t\t\t\t\t\t\t\t\t\t\t<div class=\"elementor-gallery-item__content\">\n\t\t\t\t\t\t\t\t\t\t\t\t\t\t<div class=\"elementor-gallery-item__description\">\n\t\t\t\t\t\t\t\t\t\t\t\t\t\t\t\t\t\tSouscription sur marbre\t\t\t\t\t\t\t\t<\/div>\n\t\t\t\t\t\t\t\t\t\t\t\t<\/div>\n\t\t\t\t\t\t\t\t\t<\/a>\n\t\t\t\t\t<\/div>\n\t\t\t\t\t<\/div>\n\t\t\t\t<\/div>\n\t\t\t\t\t<\/div>\n\t\t\t\t<\/div>\n\t\t<div class=\"elementor-element elementor-element-bf46287 e-flex e-con-boxed e-con e-parent\" data-id=\"bf46287\" data-element_type=\"container\" data-e-type=\"container\" data-settings=\"{&quot;background_background&quot;:&quot;classic&quot;}\">\n\t\t\t\t\t<div class=\"e-con-inner\">\n\t\t\t\t<div class=\"elementor-element elementor-element-0d98cc1 elementor-drop-cap-yes elementor-drop-cap-view-default elementor-widget elementor-widget-text-editor\" data-id=\"0d98cc1\" data-element_type=\"widget\" data-e-type=\"widget\" data-settings=\"{&quot;drop_cap&quot;:&quot;yes&quot;}\" data-widget_type=\"text-editor.default\">\n\t\t\t\t<div class=\"elementor-widget-container\">\n\t\t\t\t\t\t\t\t\t<p>Les principaux propri\u00e9taires des salins, de grands \u00e9tablissements industriels de la r\u00e9gion ainsi que quelques notables lancent alors une souscription pour aider la ville (relay\u00e9e par le journal \u00ab Le courrier du Midi \u00bb). Devant des \u00e9v\u00e8nements aussi exceptionnels, le pr\u00e9fet du Gard d\u00fbt mettre en \u0153uvre des aides financi\u00e8res importantes pour aider la population, notamment pour la nourriture, le bois de chauffage, les couvertures etc.<\/p><p>\u00ab L\u2019inondation du Rh\u00f4ne en 1840, si \u00e9tendue et si terrible, a laiss\u00e9 sous ce rapport les plus douloureux souvenirs. Tout le pays \u00e9tait submerg\u00e9, et la ville d\u2019Aigues-Mortes allait \u00eatre infailliblement d\u00e9truite; ses fortes murailles, rest\u00e9es solides et imperm\u00e9ables apr\u00e8s cinq si\u00e8cles d\u2019existence firent son salut. On mura les portes, et gr\u00e2ce \u00e0 cette simple mesure, les habitants enferm\u00e9s dans la ville et pour ainsi dire assi\u00e9g\u00e9s par l\u2019inondation, purent attendre sans trop d\u2019inconv\u00e9nients l\u2019\u00e9coulement des eaux. Des barques leurs apportaient des provisions de toutes sortes, que l\u2019on faisaient passer par dessus les remparts. Mais les maladies les plus meurtri\u00e8res, les fi\u00e8vres les plus graves \u00e9clat\u00e8rent de toutes parts apr\u00e8s cette inondation \u00bb.<\/p><p>Le docteur Schilizzi pr\u00e9cise que les \u00e9gouts avaient \u00e9t\u00e9 bouch\u00e9s eux aussi, pour \u00e9viter des remont\u00e9es d\u2019eau dans la ville. Il donne quelques descriptions sur les conditions de vie de la population vivant cette tragique \u00e9preuve: \u00ab outre les privations d\u00e9j\u00e0 \u00e9num\u00e9r\u00e9es, la presque g\u00e9n\u00e9ralit\u00e9 des indigents, ainsi que la plupart des travailleurs, se trouvaient entass\u00e9s dans de petits r\u00e9duits du rez-de-chauss\u00e9e, dont le plus grand nombre \u00e9taient submerg\u00e9s par l\u2019exhaussement ou les filtrations des eaux pluviales \u00bb.<\/p><p>Noel Arnassant a enfin 28 ans en 1854 lorsqu\u2019une autre \u00e9pid\u00e9mie, le Chol\u00e9ra Morbus, s\u2019abat sur la r\u00e9gion. D\u00e9j\u00e0 en 1849 les pr\u00e9mices du danger avaient effray\u00e9 les Aigues-mortais. Un article du Courrier du Gard du 17 Aout 1849 relate un \u00e9v\u00e8nement :<\/p><p>\u00ab Une \u00e9migration presque compl\u00e8te a eu lieu au petit hameau du Grau du Roi, \u00e0 Aigues-Mortes. Quelques d\u00e9c\u00e8s \u00e9tant survenus dans cette localit\u00e9, avec le caract\u00e8re de l\u2019\u00e9pid\u00e9mie r\u00e9gnante, les p\u00eacheurs et leurs familles se sont r\u00e9fugi\u00e9s \u00e0 Aigues-Mortes, dont l\u2019\u00e9tat sanitaire continue \u00e0 \u00eatre des plus satisfaisant \u00bb.<\/p><p>Mais l\u2019\u00e9pid\u00e9mie de Chol\u00e9ra s\u2019abat finalement sur Aigues-Mortes en 1854. Le docteur Schilizzi sera une nouvelle fois plong\u00e9 dans une gestion de crise sanitaire d\u2019une ampleur cons\u00e9quente. Les individus qui se rendirent \u00e0 l\u2019H\u00f4pital eurent \u00e0 s\u2019en f\u00e9liciter : les quatre cinqui\u00e8mes furent gu\u00e9ris. \u00ab A Aigues-Mortes le Chol\u00e9ra s\u2019est montr\u00e9 tr\u00e8s rarement sous l\u2019aspect foudroyant, n\u00e9anmoins la rapidit\u00e9 de sa marche a \u00e9t\u00e9 en raison inverse de la force vitale du sujet. Les femmes et les enfants ont fourni le plus fort contingent de l\u2019\u00e9pid\u00e9mie \u00bb. Le docteur note une surprenante information dans ses rapports : \u00ab Nous ne devons pas garder le silence sur l\u2019observation, trois fois r\u00e9p\u00e9t\u00e9e, de l\u2019immunit\u00e9 des ouvriers employ\u00e9s au lavage du sel.. \u00bb<\/p><p>C\u2019est au cours de ces ann\u00e9es difficiles que Noel Arnassant le menuisier semble s\u2019\u00eatre illustr\u00e9 par sa bravoure et son courage pour aider les Aigues-Mortais. A cette \u00e9poque la photographie naissait \u00e0 peine mais cependant il est mort en 1890, et il existe peut \u00eatre une photographie de lui. Lorsque l\u2019on regarde toutes ses vieilles images jaunies de nos vieux Aigues-Mortais inconnus, il est donc peut \u00eatre l\u00e0, au milieu du groupe, observant l\u2019objectif du photographe et semblant nous dire : \u00ab c\u2019est moi, Noel. \u00bb Finalement peu de t\u00e9moignages de ces terribles ann\u00e9es sont parvenus jusqu\u2019\u00e0 nous. A ce jour, nous n&rsquo;avons pas de d\u00e9tails sur les actions qu\u2019il a men\u00e9 en faveur de la population.<\/p>\t\t\t\t\t\t\t\t<\/div>\n\t\t\t\t<\/div>\n\t\t\t\t\t<\/div>\n\t\t\t\t<\/div>\n\t\t<div class=\"elementor-element elementor-element-e93c81a e-flex e-con-boxed e-con e-parent\" data-id=\"e93c81a\" data-element_type=\"container\" data-e-type=\"container\" data-settings=\"{&quot;background_background&quot;:&quot;classic&quot;}\">\n\t\t\t\t\t<div class=\"e-con-inner\">\n\t\t\t\t<div class=\"elementor-element elementor-element-f5f6942 elementor-align-center elementor-widget elementor-widget-button\" data-id=\"f5f6942\" data-element_type=\"widget\" data-e-type=\"widget\" data-widget_type=\"button.default\">\n\t\t\t\t<div class=\"elementor-widget-container\">\n\t\t\t\t\t\t\t\t\t<div class=\"elementor-button-wrapper\">\n\t\t\t\t\t<a class=\"elementor-button elementor-button-link elementor-size-sm\" href=\"#\">\n\t\t\t\t\t\t<span class=\"elementor-button-content-wrapper\">\n\t\t\t\t\t\t<span class=\"elementor-button-icon\">\n\t\t\t\t<svg aria-hidden=\"true\" class=\"e-font-icon-svg e-far-caret-square-up\" viewBox=\"0 0 448 512\" xmlns=\"http:\/\/www.w3.org\/2000\/svg\"><path d=\"M322.9 304H125.1c-10.7 0-16.1-13-8.5-20.5l98.9-98.3c4.7-4.7 12.2-4.7 16.9 0l98.9 98.3c7.7 7.5 2.3 20.5-8.4 20.5zM448 80v352c0 26.5-21.5 48-48 48H48c-26.5 0-48-21.5-48-48V80c0-26.5 21.5-48 48-48h352c26.5 0 48 21.5 48 48zm-48 346V86c0-3.3-2.7-6-6-6H54c-3.3 0-6 2.7-6 6v340c0 3.3 2.7 6 6 6h340c3.3 0 6-2.7 6-6z\"><\/path><\/svg>\t\t\t<\/span>\n\t\t\t\t\t\t\t\t\t<span class=\"elementor-button-text\">Haut de page<\/span>\n\t\t\t\t\t<\/span>\n\t\t\t\t\t<\/a>\n\t\t\t\t<\/div>\n\t\t\t\t\t\t\t\t<\/div>\n\t\t\t\t<\/div>\n\t\t\t\t\t<\/div>\n\t\t\t\t<\/div>\n\t\t\t\t<\/div>\n\t\t","protected":false},"excerpt":{"rendered":"<p>Noel Arnassant (1826-1890) Noel Arnassant est un ancien Aigues-Mortais. les seuls \u00e9l\u00e9ments connus jusqu&rsquo;\u00e0 pr\u00e9sent \u00e9taient sa tombe discr\u00e8te au cimeti\u00e8re de la ville, humble monument s\u00e9pulcral \u00e9lev\u00e9 gr\u00e2ce \u00e0 la souscription de deux soci\u00e9t\u00e9s musicales locales pour honorer son d\u00e9vouement lors des p\u00e9riodes d\u2019\u00e9pid\u00e9mies, ainsi qu\u2019une ancienne b\u00e2tisse aujourd\u2019hui disparue connue sous le nom [&hellip;]<\/p>\n","protected":false},"author":1,"featured_media":0,"parent":0,"menu_order":0,"comment_status":"closed","ping_status":"closed","template":"","meta":{"footnotes":""},"class_list":["post-736","page","type-page","status-publish","hentry"],"_links":{"self":[{"href":"https:\/\/levadon.fr\/index.php\/wp-json\/wp\/v2\/pages\/736","targetHints":{"allow":["GET"]}}],"collection":[{"href":"https:\/\/levadon.fr\/index.php\/wp-json\/wp\/v2\/pages"}],"about":[{"href":"https:\/\/levadon.fr\/index.php\/wp-json\/wp\/v2\/types\/page"}],"author":[{"embeddable":true,"href":"https:\/\/levadon.fr\/index.php\/wp-json\/wp\/v2\/users\/1"}],"replies":[{"embeddable":true,"href":"https:\/\/levadon.fr\/index.php\/wp-json\/wp\/v2\/comments?post=736"}],"version-history":[{"count":593,"href":"https:\/\/levadon.fr\/index.php\/wp-json\/wp\/v2\/pages\/736\/revisions"}],"predecessor-version":[{"id":20073,"href":"https:\/\/levadon.fr\/index.php\/wp-json\/wp\/v2\/pages\/736\/revisions\/20073"}],"wp:attachment":[{"href":"https:\/\/levadon.fr\/index.php\/wp-json\/wp\/v2\/media?parent=736"}],"curies":[{"name":"wp","href":"https:\/\/api.w.org\/{rel}","templated":true}]}}