{"id":2258,"date":"2024-01-01T14:54:11","date_gmt":"2024-01-01T13:54:11","guid":{"rendered":"https:\/\/levadon.fr\/?page_id=2258"},"modified":"2024-02-12T19:21:27","modified_gmt":"2024-02-12T18:21:27","slug":"infos","status":"publish","type":"page","link":"https:\/\/levadon.fr\/index.php\/infos\/","title":{"rendered":"Infos"},"content":{"rendered":"\t\t<div data-elementor-type=\"wp-page\" data-elementor-id=\"2258\" class=\"elementor elementor-2258\" data-elementor-post-type=\"page\">\n\t\t\t\t<div class=\"elementor-element elementor-element-cafcdf4 e-flex e-con-boxed e-con e-parent\" data-id=\"cafcdf4\" data-element_type=\"container\" data-e-type=\"container\">\n\t\t\t\t\t<div class=\"e-con-inner\">\n\t\t<div class=\"elementor-element elementor-element-5a7d63b e-con-full e-flex e-con e-child\" data-id=\"5a7d63b\" data-element_type=\"container\" data-e-type=\"container\" data-settings=\"{&quot;background_background&quot;:&quot;classic&quot;}\">\n\t\t\t\t<\/div>\n\t\t<div class=\"elementor-element elementor-element-2d73bfc e-con-full e-flex e-con e-child\" data-id=\"2d73bfc\" data-element_type=\"container\" data-e-type=\"container\" data-settings=\"{&quot;background_background&quot;:&quot;classic&quot;}\">\n\t\t\t\t<div class=\"elementor-element elementor-element-f4c4f47 elementor-widget elementor-widget-image\" data-id=\"f4c4f47\" data-element_type=\"widget\" data-e-type=\"widget\" data-widget_type=\"image.default\">\n\t\t\t\t<div class=\"elementor-widget-container\">\n\t\t\t\t\t\t\t\t\t\t\t\t\t\t\t<img decoding=\"async\" width=\"95\" height=\"64\" src=\"https:\/\/levadon.fr\/wp-content\/uploads\/2024\/02\/LOGO-LEVADONrouge.jpg\" class=\"attachment-thumbnail size-thumbnail wp-image-11690\" alt=\"\" \/>\t\t\t\t\t\t\t\t\t\t\t\t\t\t\t<\/div>\n\t\t\t\t<\/div>\n\t\t\t\t<div class=\"elementor-element elementor-element-8c68696 elementor-widget elementor-widget-heading\" data-id=\"8c68696\" data-element_type=\"widget\" data-e-type=\"widget\" data-widget_type=\"heading.default\">\n\t\t\t\t<div class=\"elementor-widget-container\">\n\t\t\t\t\t<h2 class=\"elementor-heading-title elementor-size-default\">Aigues-Mortes et alentours<\/h2>\t\t\t\t<\/div>\n\t\t\t\t<\/div>\n\t\t\t\t<\/div>\n\t\t<div class=\"elementor-element elementor-element-fa6bcee e-con-full e-flex e-con e-child\" data-id=\"fa6bcee\" data-element_type=\"container\" data-e-type=\"container\">\n\t\t\t\t<div class=\"elementor-element elementor-element-4700a77 elementor-widget elementor-widget-text-editor\" data-id=\"4700a77\" data-element_type=\"widget\" data-e-type=\"widget\" data-widget_type=\"text-editor.default\">\n\t\t\t\t<div class=\"elementor-widget-container\">\n\t\t\t\t\t\t\t\t\t<p>th\u00e8me : r\u00e9gionalisme<\/p><p>r\u00e9gion : Camargue<\/p><p>auteur : Michel Tournaire<\/p>\t\t\t\t\t\t\t\t<\/div>\n\t\t\t\t<\/div>\n\t\t\t\t<\/div>\n\t\t<div class=\"elementor-element elementor-element-1d42e75 e-con-full e-flex e-con e-child\" data-id=\"1d42e75\" data-element_type=\"container\" data-e-type=\"container\">\n\t\t\t\t<div class=\"elementor-element elementor-element-a9b8082 elementor-widget elementor-widget-text-editor\" data-id=\"a9b8082\" data-element_type=\"widget\" data-e-type=\"widget\" data-widget_type=\"text-editor.default\">\n\t\t\t\t<div class=\"elementor-widget-container\">\n\t\t\t\t\t\t\t\t\t<p>configuration : WordPress Elementor pro<\/p><p>h\u00e9bergement : Hostinger<\/p><p>nom de domaine : levadon.fr<strong>\u00a9<\/strong><\/p><p>site s\u00e9curis\u00e9 : SSL<\/p><p>optimisation 1920&#215;1080 px (full HD)<\/p><p>responsive : tablettes et smartphones<\/p>\t\t\t\t\t\t\t\t<\/div>\n\t\t\t\t<\/div>\n\t\t<div class=\"elementor-element elementor-element-2908a5f e-flex e-con-boxed e-con e-child\" data-id=\"2908a5f\" data-element_type=\"container\" data-e-type=\"container\">\n\t\t\t\t\t<div class=\"e-con-inner\">\n\t\t\t\t<div class=\"elementor-element elementor-element-8243fc6 elementor-widget elementor-widget-heading\" data-id=\"8243fc6\" data-element_type=\"widget\" data-e-type=\"widget\" data-widget_type=\"heading.default\">\n\t\t\t\t<div class=\"elementor-widget-container\">\n\t\t\t\t\t<h2 class=\"elementor-heading-title elementor-size-default\">Remerciements<\/h2>\t\t\t\t<\/div>\n\t\t\t\t<\/div>\n\t\t\t\t\t<\/div>\n\t\t\t\t<\/div>\n\t\t\t\t<div class=\"elementor-element elementor-element-6d7a684 elementor-widget elementor-widget-text-editor\" data-id=\"6d7a684\" data-element_type=\"widget\" data-e-type=\"widget\" data-widget_type=\"text-editor.default\">\n\t\t\t\t<div class=\"elementor-widget-container\">\n\t\t\t\t\t\t\t\t\t<p>les membres du groupe Facebook \u00ab\u00a0Aigues-Mortes d&rsquo;avant &amp; d&rsquo;aujourd&rsquo;hui\u00a0\u00bb<\/p><p>Fr\u00e9d\u00e9ric Simien<\/p><p>Vincent et Patrice Lasserre<\/p><p>Jean Palacio<\/p><p>Bernard Salomon<\/p><p>Luc Chareyre<\/p><p>Biblioth\u00e8que nationale de France : <a href=\"https:\/\/www.bnf.fr\/fr\">Accueil | BnF \u2013 Site institutionnel<\/a><\/p>\t\t\t\t\t\t\t\t<\/div>\n\t\t\t\t<\/div>\n\t\t\t\t<\/div>\n\t\t\t\t\t<\/div>\n\t\t\t\t<\/div>\n\t\t\t\t<\/div>\n\t\t","protected":false},"excerpt":{"rendered":"<p>Aigues-Mortes et alentours th\u00e8me : r\u00e9gionalisme r\u00e9gion : Camargue auteur : Michel Tournaire configuration : WordPress Elementor pro h\u00e9bergement : Hostinger nom de domaine : levadon.fr\u00a9 site s\u00e9curis\u00e9 : SSL optimisation 1920&#215;1080 px (full HD) responsive : tablettes et smartphones Remerciements les membres du groupe Facebook \u00ab\u00a0Aigues-Mortes d&rsquo;avant &amp; d&rsquo;aujourd&rsquo;hui\u00a0\u00bb Fr\u00e9d\u00e9ric Simien Vincent et Patrice [&hellip;]<\/p>\n","protected":false},"author":1,"featured_media":0,"parent":0,"menu_order":0,"comment_status":"closed","ping_status":"closed","template":"","meta":{"footnotes":""},"class_list":["post-2258","page","type-page","status-publish","hentry"],"_links":{"self":[{"href":"https:\/\/levadon.fr\/index.php\/wp-json\/wp\/v2\/pages\/2258","targetHints":{"allow":["GET"]}}],"collection":[{"href":"https:\/\/levadon.fr\/index.php\/wp-json\/wp\/v2\/pages"}],"about":[{"href":"https:\/\/levadon.fr\/index.php\/wp-json\/wp\/v2\/types\/page"}],"author":[{"embeddable":true,"href":"https:\/\/levadon.fr\/index.php\/wp-json\/wp\/v2\/users\/1"}],"replies":[{"embeddable":true,"href":"https:\/\/levadon.fr\/index.php\/wp-json\/wp\/v2\/comments?post=2258"}],"version-history":[{"count":137,"href":"https:\/\/levadon.fr\/index.php\/wp-json\/wp\/v2\/pages\/2258\/revisions"}],"predecessor-version":[{"id":13248,"href":"https:\/\/levadon.fr\/index.php\/wp-json\/wp\/v2\/pages\/2258\/revisions\/13248"}],"wp:attachment":[{"href":"https:\/\/levadon.fr\/index.php\/wp-json\/wp\/v2\/media?parent=2258"}],"curies":[{"name":"wp","href":"https:\/\/api.w.org\/{rel}","templated":true}]}}