{"id":16217,"date":"2024-06-14T19:28:06","date_gmt":"2024-06-14T17:28:06","guid":{"rendered":"https:\/\/levadon.fr\/?page_id=16217"},"modified":"2024-08-03T17:28:51","modified_gmt":"2024-08-03T15:28:51","slug":"les-anciens-mazets","status":"publish","type":"page","link":"https:\/\/levadon.fr\/index.php\/les-anciens-mazets\/","title":{"rendered":"Les anciens Mazets"},"content":{"rendered":"\t\t<div data-elementor-type=\"wp-page\" data-elementor-id=\"16217\" class=\"elementor elementor-16217\" data-elementor-post-type=\"page\">\n\t\t\t\t<div class=\"elementor-element elementor-element-29aa83c e-con-full e-flex e-con e-parent\" data-id=\"29aa83c\" data-element_type=\"container\" data-e-type=\"container\" data-settings=\"{&quot;background_background&quot;:&quot;classic&quot;}\">\n\t\t\t\t<\/div>\n\t\t<div class=\"elementor-element elementor-element-1c62880b e-con-full e-flex e-con e-parent\" data-id=\"1c62880b\" data-element_type=\"container\" data-e-type=\"container\" data-settings=\"{&quot;background_background&quot;:&quot;classic&quot;}\">\n\t\t<div class=\"elementor-element elementor-element-7c7aef2 e-con-full e-flex e-con e-child\" data-id=\"7c7aef2\" data-element_type=\"container\" data-e-type=\"container\" data-settings=\"{&quot;background_background&quot;:&quot;classic&quot;}\">\n\t\t\t\t<div class=\"elementor-element elementor-element-53357a7a elementor-widget elementor-widget-heading\" data-id=\"53357a7a\" data-element_type=\"widget\" data-e-type=\"widget\" data-widget_type=\"heading.default\">\n\t\t\t\t<div class=\"elementor-widget-container\">\n\t\t\t\t\t<h1 class=\"elementor-heading-title elementor-size-default\">Expos<\/h1>\t\t\t\t<\/div>\n\t\t\t\t<\/div>\n\t\t\t\t<div class=\"elementor-element elementor-element-5c3af4a2 elementor-widget elementor-widget-heading\" data-id=\"5c3af4a2\" data-element_type=\"widget\" data-e-type=\"widget\" data-widget_type=\"heading.default\">\n\t\t\t\t<div class=\"elementor-widget-container\">\n\t\t\t\t\t<h2 class=\"elementor-heading-title elementor-size-default\">Les anciens Mazets<\/h2>\t\t\t\t<\/div>\n\t\t\t\t<\/div>\n\t\t\t\t<\/div>\n\t\t<div class=\"elementor-element elementor-element-354f4b03 e-flex e-con-boxed e-con e-child\" data-id=\"354f4b03\" data-element_type=\"container\" data-e-type=\"container\" data-settings=\"{&quot;background_background&quot;:&quot;classic&quot;}\">\n\t\t\t\t\t<div class=\"e-con-inner\">\n\t\t\t\t<div class=\"elementor-element elementor-element-bd73a3e elementor-widget elementor-widget-text-editor\" data-id=\"bd73a3e\" data-element_type=\"widget\" data-e-type=\"widget\" data-widget_type=\"text-editor.default\">\n\t\t\t\t<div class=\"elementor-widget-container\">\n\t\t\t\t\t\t\t\t\t<p>Qu&rsquo;ils soient de construction modeste ou sophistiqu\u00e9e, d&rsquo;inspiration Romane ou Asiatique, il reste encore \u00e0 Aigues-Mortes quelques vieux mazets datant du d\u00e9but du si\u00e8cle dernier. Certains ont \u00e9t\u00e9 restaur\u00e9s, d&rsquo;autres sont presque \u00e0 l&rsquo;\u00e9tat de ruine. Le&nbsp; chemin de trente ans, vers la Marette, en a conserv\u00e9 de nombreux. Petit tour de quelques uns d&rsquo;entre eux, dont \u00ab\u00a0la villa Tonkinoise\u00a0\u00bb du quartier de Malamousque.<\/p>\t\t\t\t\t\t\t\t<\/div>\n\t\t\t\t<\/div>\n\t\t\t\t\t<\/div>\n\t\t\t\t<\/div>\n\t\t\t\t<\/div>\n\t\t<div class=\"elementor-element elementor-element-58f88616 e-con-full e-flex e-con e-parent\" data-id=\"58f88616\" data-element_type=\"container\" data-e-type=\"container\" data-settings=\"{&quot;background_background&quot;:&quot;classic&quot;}\">\n\t\t\t\t<div class=\"elementor-element elementor-element-4fd53cc6 elementor-widget elementor-widget-gallery\" data-id=\"4fd53cc6\" data-element_type=\"widget\" data-e-type=\"widget\" data-settings=\"{&quot;gap&quot;:{&quot;unit&quot;:&quot;px&quot;,&quot;size&quot;:30,&quot;sizes&quot;:[]},&quot;image_hover_animation&quot;:&quot;shrink-contained&quot;,&quot;gap_tablet&quot;:{&quot;unit&quot;:&quot;px&quot;,&quot;size&quot;:25,&quot;sizes&quot;:[]},&quot;gap_mobile&quot;:{&quot;unit&quot;:&quot;px&quot;,&quot;size&quot;:50,&quot;sizes&quot;:[]},&quot;overlay_title&quot;:&quot;caption&quot;,&quot;columns_tablet&quot;:3,&quot;columns&quot;:5,&quot;lazyload&quot;:&quot;yes&quot;,&quot;gallery_layout&quot;:&quot;grid&quot;,&quot;columns_mobile&quot;:1,&quot;link_to&quot;:&quot;file&quot;,&quot;aspect_ratio&quot;:&quot;3:2&quot;,&quot;overlay_background&quot;:&quot;yes&quot;,&quot;content_hover_animation&quot;:&quot;fade-in&quot;}\" data-widget_type=\"gallery.default\">\n\t\t\t\t<div class=\"elementor-widget-container\">\n\t\t\t\t\t\t\t<div class=\"elementor-gallery__container\">\n\t\t\t\t\t\t\t<a class=\"e-gallery-item elementor-gallery-item elementor-animated-content\" href=\"https:\/\/levadon.fr\/wp-content\/uploads\/2024\/06\/30ANS09.jpg\" data-elementor-open-lightbox=\"yes\" data-elementor-lightbox-slideshow=\"4fd53cc6\" data-e-action-hash=\"#elementor-action%3Aaction%3Dlightbox%26settings%3DeyJpZCI6MTYyMjEsInVybCI6Imh0dHBzOlwvXC9sZXZhZG9uLmZyXC93cC1jb250ZW50XC91cGxvYWRzXC8yMDI0XC8wNlwvMzBBTlMwOS5qcGciLCJzbGlkZXNob3ciOiI0ZmQ1M2NjNiJ9\">\n\t\t\t\t\t<div class=\"e-gallery-image elementor-gallery-item__image\" data-thumbnail=\"https:\/\/levadon.fr\/wp-content\/uploads\/2024\/06\/30ANS09.jpg\" data-width=\"720\" data-height=\"1080\" aria-label=\"TONKIN2\" role=\"img\" ><\/div>\n\t\t\t\t\t\t\t\t\t\t\t<div class=\"elementor-gallery-item__overlay\"><\/div>\n\t\t\t\t\t\t\t\t\t\t\t\t\t\t\t<div class=\"elementor-gallery-item__content\">\n\t\t\t\t\t\t\t\t\t\t\t\t\t\t<div class=\"elementor-gallery-item__title\">\n\t\t\t\t\t\t\t\t\t\t\t\t\t\t\t\t\t\tChemin de trente ans\t\t\t\t\t\t\t\t<\/div>\n\t\t\t\t\t\t\t\t\t\t\t\t<\/div>\n\t\t\t\t\t\t\t\t\t<\/a>\n\t\t\t\t\t\t\t<a class=\"e-gallery-item elementor-gallery-item elementor-animated-content\" href=\"https:\/\/levadon.fr\/wp-content\/uploads\/2024\/06\/30ANS04.jpg\" data-elementor-open-lightbox=\"yes\" data-elementor-lightbox-slideshow=\"4fd53cc6\" data-e-action-hash=\"#elementor-action%3Aaction%3Dlightbox%26settings%3DeyJpZCI6MTYyMjAsInVybCI6Imh0dHBzOlwvXC9sZXZhZG9uLmZyXC93cC1jb250ZW50XC91cGxvYWRzXC8yMDI0XC8wNlwvMzBBTlMwNC5qcGciLCJzbGlkZXNob3ciOiI0ZmQ1M2NjNiJ9\">\n\t\t\t\t\t<div class=\"e-gallery-image elementor-gallery-item__image\" data-thumbnail=\"https:\/\/levadon.fr\/wp-content\/uploads\/2024\/06\/30ANS04.jpg\" data-width=\"720\" data-height=\"1080\" aria-label=\"TONKIN1\" role=\"img\" ><\/div>\n\t\t\t\t\t\t\t\t\t\t\t<div class=\"elementor-gallery-item__overlay\"><\/div>\n\t\t\t\t\t\t\t\t\t\t\t\t\t\t\t<div class=\"elementor-gallery-item__content\">\n\t\t\t\t\t\t\t\t\t\t\t\t\t\t<div class=\"elementor-gallery-item__title\">\n\t\t\t\t\t\t\t\t\t\t\t\t\t\t\t\t\t\tChemin de trente ans\t\t\t\t\t\t\t\t<\/div>\n\t\t\t\t\t\t\t\t\t\t\t\t<\/div>\n\t\t\t\t\t\t\t\t\t<\/a>\n\t\t\t\t\t\t\t<a class=\"e-gallery-item elementor-gallery-item elementor-animated-content\" href=\"https:\/\/levadon.fr\/wp-content\/uploads\/2024\/06\/30ANS10.jpg\" data-elementor-open-lightbox=\"yes\" data-elementor-lightbox-slideshow=\"4fd53cc6\" data-e-action-hash=\"#elementor-action%3Aaction%3Dlightbox%26settings%3DeyJpZCI6MTYyMjIsInVybCI6Imh0dHBzOlwvXC9sZXZhZG9uLmZyXC93cC1jb250ZW50XC91cGxvYWRzXC8yMDI0XC8wNlwvMzBBTlMxMC5qcGciLCJzbGlkZXNob3ciOiI0ZmQ1M2NjNiJ9\">\n\t\t\t\t\t<div class=\"e-gallery-image elementor-gallery-item__image\" data-thumbnail=\"https:\/\/levadon.fr\/wp-content\/uploads\/2024\/06\/30ANS10.jpg\" data-width=\"720\" data-height=\"1080\" aria-label=\"MAZET1\" role=\"img\" ><\/div>\n\t\t\t\t\t\t\t\t\t\t\t<div class=\"elementor-gallery-item__overlay\"><\/div>\n\t\t\t\t\t\t\t\t\t\t\t\t\t\t\t<div class=\"elementor-gallery-item__content\">\n\t\t\t\t\t\t\t\t\t\t\t\t\t\t<div class=\"elementor-gallery-item__title\">\n\t\t\t\t\t\t\t\t\t\t\t\t\t\t\t\t\t\tChemin de trente ans\t\t\t\t\t\t\t\t<\/div>\n\t\t\t\t\t\t\t\t\t\t\t\t<\/div>\n\t\t\t\t\t\t\t\t\t<\/a>\n\t\t\t\t\t\t\t<a class=\"e-gallery-item elementor-gallery-item elementor-animated-content\" href=\"https:\/\/levadon.fr\/wp-content\/uploads\/2024\/06\/30ANS13.jpg\" data-elementor-open-lightbox=\"yes\" data-elementor-lightbox-slideshow=\"4fd53cc6\" data-e-action-hash=\"#elementor-action%3Aaction%3Dlightbox%26settings%3DeyJpZCI6MTYyMjMsInVybCI6Imh0dHBzOlwvXC9sZXZhZG9uLmZyXC93cC1jb250ZW50XC91cGxvYWRzXC8yMDI0XC8wNlwvMzBBTlMxMy5qcGciLCJzbGlkZXNob3ciOiI0ZmQ1M2NjNiJ9\">\n\t\t\t\t\t<div class=\"e-gallery-image elementor-gallery-item__image\" data-thumbnail=\"https:\/\/levadon.fr\/wp-content\/uploads\/2024\/06\/30ANS13.jpg\" data-width=\"720\" data-height=\"1080\" aria-label=\"MAZET2\" role=\"img\" ><\/div>\n\t\t\t\t\t\t\t\t\t\t\t<div class=\"elementor-gallery-item__overlay\"><\/div>\n\t\t\t\t\t\t\t\t\t\t\t\t\t\t\t<div class=\"elementor-gallery-item__content\">\n\t\t\t\t\t\t\t\t\t\t\t\t\t\t<div class=\"elementor-gallery-item__title\">\n\t\t\t\t\t\t\t\t\t\t\t\t\t\t\t\t\t\tChemin de trente ans\t\t\t\t\t\t\t\t<\/div>\n\t\t\t\t\t\t\t\t\t\t\t\t<\/div>\n\t\t\t\t\t\t\t\t\t<\/a>\n\t\t\t\t\t\t\t<a class=\"e-gallery-item elementor-gallery-item elementor-animated-content\" href=\"https:\/\/levadon.fr\/wp-content\/uploads\/2024\/06\/30ANS17.jpg\" data-elementor-open-lightbox=\"yes\" data-elementor-lightbox-slideshow=\"4fd53cc6\" data-e-action-hash=\"#elementor-action%3Aaction%3Dlightbox%26settings%3DeyJpZCI6MTYyMjQsInVybCI6Imh0dHBzOlwvXC9sZXZhZG9uLmZyXC93cC1jb250ZW50XC91cGxvYWRzXC8yMDI0XC8wNlwvMzBBTlMxNy5qcGciLCJzbGlkZXNob3ciOiI0ZmQ1M2NjNiJ9\">\n\t\t\t\t\t<div class=\"e-gallery-image elementor-gallery-item__image\" data-thumbnail=\"https:\/\/levadon.fr\/wp-content\/uploads\/2024\/06\/30ANS17.jpg\" data-width=\"721\" data-height=\"1080\" aria-label=\"MAZET3\" role=\"img\" ><\/div>\n\t\t\t\t\t\t\t\t\t\t\t<div class=\"elementor-gallery-item__overlay\"><\/div>\n\t\t\t\t\t\t\t\t\t\t\t\t\t\t\t<div class=\"elementor-gallery-item__content\">\n\t\t\t\t\t\t\t\t\t\t\t\t\t\t<div class=\"elementor-gallery-item__title\">\n\t\t\t\t\t\t\t\t\t\t\t\t\t\t\t\t\t\tChemin de trente ans\t\t\t\t\t\t\t\t<\/div>\n\t\t\t\t\t\t\t\t\t\t\t\t<\/div>\n\t\t\t\t\t\t\t\t\t<\/a>\n\t\t\t\t\t\t\t<a class=\"e-gallery-item elementor-gallery-item elementor-animated-content\" href=\"https:\/\/levadon.fr\/wp-content\/uploads\/2024\/06\/30ANS19.jpg\" data-elementor-open-lightbox=\"yes\" data-elementor-lightbox-slideshow=\"4fd53cc6\" data-e-action-hash=\"#elementor-action%3Aaction%3Dlightbox%26settings%3DeyJpZCI6MTYyMjUsInVybCI6Imh0dHBzOlwvXC9sZXZhZG9uLmZyXC93cC1jb250ZW50XC91cGxvYWRzXC8yMDI0XC8wNlwvMzBBTlMxOS5qcGciLCJzbGlkZXNob3ciOiI0ZmQ1M2NjNiJ9\">\n\t\t\t\t\t<div class=\"e-gallery-image elementor-gallery-item__image\" data-thumbnail=\"https:\/\/levadon.fr\/wp-content\/uploads\/2024\/06\/30ANS19.jpg\" data-width=\"720\" data-height=\"1080\" aria-label=\"\" role=\"img\" ><\/div>\n\t\t\t\t\t\t\t\t\t\t\t<div class=\"elementor-gallery-item__overlay\"><\/div>\n\t\t\t\t\t\t\t\t\t\t\t\t\t\t\t<div class=\"elementor-gallery-item__content\">\n\t\t\t\t\t\t\t\t\t\t\t\t\t\t<div class=\"elementor-gallery-item__title\">\n\t\t\t\t\t\t\t\t\t\t\t\t\t\t\t\t\t\tChemin de trente ans\t\t\t\t\t\t\t\t<\/div>\n\t\t\t\t\t\t\t\t\t\t\t\t<\/div>\n\t\t\t\t\t\t\t\t\t<\/a>\n\t\t\t\t\t\t\t<a class=\"e-gallery-item elementor-gallery-item elementor-animated-content\" href=\"https:\/\/levadon.fr\/wp-content\/uploads\/2024\/06\/30ANS34.jpg\" data-elementor-open-lightbox=\"yes\" data-elementor-lightbox-slideshow=\"4fd53cc6\" data-e-action-hash=\"#elementor-action%3Aaction%3Dlightbox%26settings%3DeyJpZCI6MTYyMjYsInVybCI6Imh0dHBzOlwvXC9sZXZhZG9uLmZyXC93cC1jb250ZW50XC91cGxvYWRzXC8yMDI0XC8wNlwvMzBBTlMzNC5qcGciLCJzbGlkZXNob3ciOiI0ZmQ1M2NjNiJ9\">\n\t\t\t\t\t<div class=\"e-gallery-image elementor-gallery-item__image\" data-thumbnail=\"https:\/\/levadon.fr\/wp-content\/uploads\/2024\/06\/30ANS34.jpg\" data-width=\"720\" data-height=\"1080\" aria-label=\"MAZET4\" role=\"img\" ><\/div>\n\t\t\t\t\t\t\t\t\t\t\t<div class=\"elementor-gallery-item__overlay\"><\/div>\n\t\t\t\t\t\t\t\t\t\t\t\t\t\t\t<div class=\"elementor-gallery-item__content\">\n\t\t\t\t\t\t\t\t\t\t\t\t\t\t<div class=\"elementor-gallery-item__title\">\n\t\t\t\t\t\t\t\t\t\t\t\t\t\t\t\t\t\tChemin de trente ans\t\t\t\t\t\t\t\t<\/div>\n\t\t\t\t\t\t\t\t\t\t\t\t<\/div>\n\t\t\t\t\t\t\t\t\t<\/a>\n\t\t\t\t\t\t\t<a class=\"e-gallery-item elementor-gallery-item elementor-animated-content\" href=\"https:\/\/levadon.fr\/wp-content\/uploads\/2024\/06\/30ANS37.jpg\" data-elementor-open-lightbox=\"yes\" data-elementor-lightbox-slideshow=\"4fd53cc6\" data-e-action-hash=\"#elementor-action%3Aaction%3Dlightbox%26settings%3DeyJpZCI6MTYyMjcsInVybCI6Imh0dHBzOlwvXC9sZXZhZG9uLmZyXC93cC1jb250ZW50XC91cGxvYWRzXC8yMDI0XC8wNlwvMzBBTlMzNy5qcGciLCJzbGlkZXNob3ciOiI0ZmQ1M2NjNiJ9\">\n\t\t\t\t\t<div class=\"e-gallery-image elementor-gallery-item__image\" data-thumbnail=\"https:\/\/levadon.fr\/wp-content\/uploads\/2024\/06\/30ANS37.jpg\" data-width=\"720\" data-height=\"1080\" aria-label=\"MAZET5\" role=\"img\" ><\/div>\n\t\t\t\t\t\t\t\t\t\t\t<div class=\"elementor-gallery-item__overlay\"><\/div>\n\t\t\t\t\t\t\t\t\t\t\t\t\t\t\t<div class=\"elementor-gallery-item__content\">\n\t\t\t\t\t\t\t\t\t\t\t\t\t\t<div class=\"elementor-gallery-item__title\">\n\t\t\t\t\t\t\t\t\t\t\t\t\t\t\t\t\t\tChemin de trente ans\t\t\t\t\t\t\t\t<\/div>\n\t\t\t\t\t\t\t\t\t\t\t\t<\/div>\n\t\t\t\t\t\t\t\t\t<\/a>\n\t\t\t\t\t\t\t<a class=\"e-gallery-item elementor-gallery-item elementor-animated-content\" href=\"https:\/\/levadon.fr\/wp-content\/uploads\/2024\/06\/CORBIERE01.jpg\" data-elementor-open-lightbox=\"yes\" data-elementor-lightbox-slideshow=\"4fd53cc6\" data-e-action-hash=\"#elementor-action%3Aaction%3Dlightbox%26settings%3DeyJpZCI6MTYyMjgsInVybCI6Imh0dHBzOlwvXC9sZXZhZG9uLmZyXC93cC1jb250ZW50XC91cGxvYWRzXC8yMDI0XC8wNlwvQ09SQklFUkUwMS5qcGciLCJzbGlkZXNob3ciOiI0ZmQ1M2NjNiJ9\">\n\t\t\t\t\t<div class=\"e-gallery-image elementor-gallery-item__image\" data-thumbnail=\"https:\/\/levadon.fr\/wp-content\/uploads\/2024\/06\/CORBIERE01.jpg\" data-width=\"720\" data-height=\"1080\" aria-label=\"MAZET CORBIERE\" role=\"img\" ><\/div>\n\t\t\t\t\t\t\t\t\t\t\t<div class=\"elementor-gallery-item__overlay\"><\/div>\n\t\t\t\t\t\t\t\t\t\t\t\t\t\t\t<div class=\"elementor-gallery-item__content\">\n\t\t\t\t\t\t\t\t\t\t\t\t\t\t<div class=\"elementor-gallery-item__title\">\n\t\t\t\t\t\t\t\t\t\t\t\t\t\t\t\t\t\tQuartier de Corbi\u00e8res\t\t\t\t\t\t\t\t<\/div>\n\t\t\t\t\t\t\t\t\t\t\t\t<\/div>\n\t\t\t\t\t\t\t\t\t<\/a>\n\t\t\t\t\t\t\t<a class=\"e-gallery-item elementor-gallery-item elementor-animated-content\" href=\"https:\/\/levadon.fr\/wp-content\/uploads\/2024\/06\/TONKIN02.jpg\" data-elementor-open-lightbox=\"yes\" data-elementor-lightbox-slideshow=\"4fd53cc6\" data-e-action-hash=\"#elementor-action%3Aaction%3Dlightbox%26settings%3DeyJpZCI6MTYyMjksInVybCI6Imh0dHBzOlwvXC9sZXZhZG9uLmZyXC93cC1jb250ZW50XC91cGxvYWRzXC8yMDI0XC8wNlwvVE9OS0lOMDIuanBnIiwic2xpZGVzaG93IjoiNGZkNTNjYzYifQ%3D%3D\">\n\t\t\t\t\t<div class=\"e-gallery-image elementor-gallery-item__image\" data-thumbnail=\"https:\/\/levadon.fr\/wp-content\/uploads\/2024\/06\/TONKIN02.jpg\" data-width=\"720\" data-height=\"1080\" aria-label=\"VILLA TONKIN\" role=\"img\" ><\/div>\n\t\t\t\t\t\t\t\t\t\t\t<div class=\"elementor-gallery-item__overlay\"><\/div>\n\t\t\t\t\t\t\t\t\t\t\t\t\t\t\t<div class=\"elementor-gallery-item__content\">\n\t\t\t\t\t\t\t\t\t\t\t\t\t\t<div class=\"elementor-gallery-item__title\">\n\t\t\t\t\t\t\t\t\t\t\t\t\t\t\t\t\t\tVilla Tonkinoise, Malamousque\t\t\t\t\t\t\t\t<\/div>\n\t\t\t\t\t\t\t\t\t\t\t\t<\/div>\n\t\t\t\t\t\t\t\t\t<\/a>\n\t\t\t\t\t\t\t<a class=\"e-gallery-item elementor-gallery-item elementor-animated-content\" href=\"https:\/\/levadon.fr\/wp-content\/uploads\/2024\/06\/TONKIN03.jpg\" data-elementor-open-lightbox=\"yes\" data-elementor-lightbox-slideshow=\"4fd53cc6\" data-e-action-hash=\"#elementor-action%3Aaction%3Dlightbox%26settings%3DeyJpZCI6MTYyMzAsInVybCI6Imh0dHBzOlwvXC9sZXZhZG9uLmZyXC93cC1jb250ZW50XC91cGxvYWRzXC8yMDI0XC8wNlwvVE9OS0lOMDMuanBnIiwic2xpZGVzaG93IjoiNGZkNTNjYzYifQ%3D%3D\">\n\t\t\t\t\t<div class=\"e-gallery-image elementor-gallery-item__image\" data-thumbnail=\"https:\/\/levadon.fr\/wp-content\/uploads\/2024\/06\/TONKIN03.jpg\" data-width=\"721\" data-height=\"1080\" aria-label=\"VILLA TONKIN2\" role=\"img\" ><\/div>\n\t\t\t\t\t\t\t\t\t\t\t<div class=\"elementor-gallery-item__overlay\"><\/div>\n\t\t\t\t\t\t\t\t\t\t\t\t\t\t\t<div class=\"elementor-gallery-item__content\">\n\t\t\t\t\t\t\t\t\t\t\t\t\t\t<div class=\"elementor-gallery-item__title\">\n\t\t\t\t\t\t\t\t\t\t\t\t\t\t\t\t\t\tVilla Tonkinoise, Malamousque\t\t\t\t\t\t\t\t<\/div>\n\t\t\t\t\t\t\t\t\t\t\t\t<\/div>\n\t\t\t\t\t\t\t\t\t<\/a>\n\t\t\t\t\t\t\t<a class=\"e-gallery-item elementor-gallery-item elementor-animated-content\" href=\"https:\/\/levadon.fr\/wp-content\/uploads\/2024\/06\/QUINCANDON.jpg\" data-elementor-open-lightbox=\"yes\" data-elementor-lightbox-slideshow=\"4fd53cc6\" data-e-action-hash=\"#elementor-action%3Aaction%3Dlightbox%26settings%3DeyJpZCI6MTYyOTUsInVybCI6Imh0dHBzOlwvXC9sZXZhZG9uLmZyXC93cC1jb250ZW50XC91cGxvYWRzXC8yMDI0XC8wNlwvUVVJTkNBTkRPTi5qcGciLCJzbGlkZXNob3ciOiI0ZmQ1M2NjNiJ9\">\n\t\t\t\t\t<div class=\"e-gallery-image elementor-gallery-item__image\" data-thumbnail=\"https:\/\/levadon.fr\/wp-content\/uploads\/2024\/06\/QUINCANDON.jpg\" data-width=\"720\" data-height=\"1080\" aria-label=\"Mazet Quincandon\" role=\"img\" ><\/div>\n\t\t\t\t\t\t\t\t\t\t\t<div class=\"elementor-gallery-item__overlay\"><\/div>\n\t\t\t\t\t\t\t\t\t\t\t\t\t\t\t<div class=\"elementor-gallery-item__content\">\n\t\t\t\t\t\t\t\t\t\t\t\t\t\t<div class=\"elementor-gallery-item__title\">\n\t\t\t\t\t\t\t\t\t\t\t\t\t\t\t\t\t\tQuartier Quincandon\t\t\t\t\t\t\t\t<\/div>\n\t\t\t\t\t\t\t\t\t\t\t\t<\/div>\n\t\t\t\t\t\t\t\t\t<\/a>\n\t\t\t\t\t<\/div>\n\t\t\t\t\t<\/div>\n\t\t\t\t<\/div>\n\t\t\t\t<\/div>\n\t\t<div class=\"elementor-element elementor-element-77095cb9 e-flex e-con-boxed e-con e-parent\" data-id=\"77095cb9\" data-element_type=\"container\" data-e-type=\"container\">\n\t\t\t\t\t<div class=\"e-con-inner\">\n\t\t<div class=\"elementor-element elementor-element-7bcc5632 e-flex e-con-boxed e-con e-child\" data-id=\"7bcc5632\" data-element_type=\"container\" data-e-type=\"container\" data-settings=\"{&quot;background_background&quot;:&quot;classic&quot;}\">\n\t\t\t\t\t<div class=\"e-con-inner\">\n\t\t\t\t<div class=\"elementor-element elementor-element-11120ecd elementor-align-center elementor-widget elementor-widget-button\" data-id=\"11120ecd\" data-element_type=\"widget\" data-e-type=\"widget\" data-widget_type=\"button.default\">\n\t\t\t\t<div class=\"elementor-widget-container\">\n\t\t\t\t\t\t\t\t\t<div class=\"elementor-button-wrapper\">\n\t\t\t\t\t<a class=\"elementor-button elementor-button-link elementor-size-sm\" href=\"#\">\n\t\t\t\t\t\t<span class=\"elementor-button-content-wrapper\">\n\t\t\t\t\t\t<span class=\"elementor-button-icon\">\n\t\t\t\t<svg aria-hidden=\"true\" class=\"e-font-icon-svg e-far-caret-square-up\" viewBox=\"0 0 448 512\" xmlns=\"http:\/\/www.w3.org\/2000\/svg\"><path d=\"M322.9 304H125.1c-10.7 0-16.1-13-8.5-20.5l98.9-98.3c4.7-4.7 12.2-4.7 16.9 0l98.9 98.3c7.7 7.5 2.3 20.5-8.4 20.5zM448 80v352c0 26.5-21.5 48-48 48H48c-26.5 0-48-21.5-48-48V80c0-26.5 21.5-48 48-48h352c26.5 0 48 21.5 48 48zm-48 346V86c0-3.3-2.7-6-6-6H54c-3.3 0-6 2.7-6 6v340c0 3.3 2.7 6 6 6h340c3.3 0 6-2.7 6-6z\"><\/path><\/svg>\t\t\t<\/span>\n\t\t\t\t\t\t\t\t\t<span class=\"elementor-button-text\">Haut de page<\/span>\n\t\t\t\t\t<\/span>\n\t\t\t\t\t<\/a>\n\t\t\t\t<\/div>\n\t\t\t\t\t\t\t\t<\/div>\n\t\t\t\t<\/div>\n\t\t\t\t\t<\/div>\n\t\t\t\t<\/div>\n\t\t\t\t\t<\/div>\n\t\t\t\t<\/div>\n\t\t\t\t<\/div>\n\t\t","protected":false},"excerpt":{"rendered":"<p>Expos Les anciens Mazets Qu&rsquo;ils soient de construction modeste ou sophistiqu\u00e9e, d&rsquo;inspiration Romane ou Asiatique, il reste encore \u00e0 Aigues-Mortes quelques vieux mazets datant du d\u00e9but du si\u00e8cle dernier. Certains ont \u00e9t\u00e9 restaur\u00e9s, d&rsquo;autres sont presque \u00e0 l&rsquo;\u00e9tat de ruine. Le&nbsp; chemin de trente ans, vers la Marette, en a conserv\u00e9 de nombreux. Petit tour [&hellip;]<\/p>\n","protected":false},"author":1,"featured_media":0,"parent":0,"menu_order":0,"comment_status":"closed","ping_status":"closed","template":"","meta":{"footnotes":""},"class_list":["post-16217","page","type-page","status-publish","hentry"],"_links":{"self":[{"href":"https:\/\/levadon.fr\/index.php\/wp-json\/wp\/v2\/pages\/16217","targetHints":{"allow":["GET"]}}],"collection":[{"href":"https:\/\/levadon.fr\/index.php\/wp-json\/wp\/v2\/pages"}],"about":[{"href":"https:\/\/levadon.fr\/index.php\/wp-json\/wp\/v2\/types\/page"}],"author":[{"embeddable":true,"href":"https:\/\/levadon.fr\/index.php\/wp-json\/wp\/v2\/users\/1"}],"replies":[{"embeddable":true,"href":"https:\/\/levadon.fr\/index.php\/wp-json\/wp\/v2\/comments?post=16217"}],"version-history":[{"count":85,"href":"https:\/\/levadon.fr\/index.php\/wp-json\/wp\/v2\/pages\/16217\/revisions"}],"predecessor-version":[{"id":17568,"href":"https:\/\/levadon.fr\/index.php\/wp-json\/wp\/v2\/pages\/16217\/revisions\/17568"}],"wp:attachment":[{"href":"https:\/\/levadon.fr\/index.php\/wp-json\/wp\/v2\/media?parent=16217"}],"curies":[{"name":"wp","href":"https:\/\/api.w.org\/{rel}","templated":true}]}}