{"id":12518,"date":"2024-02-05T13:43:10","date_gmt":"2024-02-05T12:43:10","guid":{"rendered":"https:\/\/levadon.fr\/?page_id=12518"},"modified":"2024-02-26T18:17:05","modified_gmt":"2024-02-26T17:17:05","slug":"1930-1960","status":"publish","type":"page","link":"https:\/\/levadon.fr\/index.php\/1930-1960\/","title":{"rendered":"Les ann\u00e9es 30\/60"},"content":{"rendered":"\t\t<div data-elementor-type=\"wp-page\" data-elementor-id=\"12518\" class=\"elementor elementor-12518\" data-elementor-post-type=\"page\">\n\t\t\t\t<div class=\"elementor-element elementor-element-513c5c5f e-con-full e-flex e-con e-parent\" data-id=\"513c5c5f\" data-element_type=\"container\" data-e-type=\"container\" data-settings=\"{&quot;background_background&quot;:&quot;classic&quot;}\">\n\t\t\t\t<\/div>\n\t\t<div class=\"elementor-element elementor-element-1a04788f e-con-full e-flex e-con e-parent\" data-id=\"1a04788f\" data-element_type=\"container\" data-e-type=\"container\" data-settings=\"{&quot;background_background&quot;:&quot;classic&quot;}\">\n\t\t<div class=\"elementor-element elementor-element-8a0b1c4 e-con-full e-flex e-con e-child\" data-id=\"8a0b1c4\" data-element_type=\"container\" data-e-type=\"container\" data-settings=\"{&quot;background_background&quot;:&quot;classic&quot;}\">\n\t\t\t\t<div class=\"elementor-element elementor-element-698bfc17 elementor-widget elementor-widget-heading\" data-id=\"698bfc17\" data-element_type=\"widget\" data-e-type=\"widget\" data-widget_type=\"heading.default\">\n\t\t\t\t<div class=\"elementor-widget-container\">\n\t\t\t\t\t<h1 class=\"elementor-heading-title elementor-size-default\">Expos<\/h1>\t\t\t\t<\/div>\n\t\t\t\t<\/div>\n\t\t\t\t<\/div>\n\t\t<div class=\"elementor-element elementor-element-259778c4 e-con-full e-flex e-con e-child\" data-id=\"259778c4\" data-element_type=\"container\" data-e-type=\"container\" data-settings=\"{&quot;background_background&quot;:&quot;classic&quot;}\">\n\t\t\t\t<div class=\"elementor-element elementor-element-5c044064 elementor-widget elementor-widget-heading\" data-id=\"5c044064\" data-element_type=\"widget\" data-e-type=\"widget\" data-widget_type=\"heading.default\">\n\t\t\t\t<div class=\"elementor-widget-container\">\n\t\t\t\t\t<h2 class=\"elementor-heading-title elementor-size-default\">s\u00e9lection d'images. 1930-1960<\/h2>\t\t\t\t<\/div>\n\t\t\t\t<\/div>\n\t\t\t\t<\/div>\n\t\t\t\t<\/div>\n\t\t<div class=\"elementor-element elementor-element-5e0b95dd e-con-full e-flex e-con e-parent\" data-id=\"5e0b95dd\" data-element_type=\"container\" data-e-type=\"container\" data-settings=\"{&quot;background_background&quot;:&quot;classic&quot;}\">\n\t\t\t\t<div class=\"elementor-element elementor-element-66e7226 elementor-widget elementor-widget-gallery\" data-id=\"66e7226\" data-element_type=\"widget\" data-e-type=\"widget\" data-settings=\"{&quot;gap&quot;:{&quot;unit&quot;:&quot;px&quot;,&quot;size&quot;:30,&quot;sizes&quot;:[]},&quot;image_hover_animation&quot;:&quot;shrink-contained&quot;,&quot;gap_tablet&quot;:{&quot;unit&quot;:&quot;px&quot;,&quot;size&quot;:25,&quot;sizes&quot;:[]},&quot;gap_mobile&quot;:{&quot;unit&quot;:&quot;px&quot;,&quot;size&quot;:50,&quot;sizes&quot;:[]},&quot;overlay_title&quot;:&quot;caption&quot;,&quot;columns_tablet&quot;:3,&quot;columns&quot;:5,&quot;lazyload&quot;:&quot;yes&quot;,&quot;gallery_layout&quot;:&quot;grid&quot;,&quot;columns_mobile&quot;:1,&quot;link_to&quot;:&quot;file&quot;,&quot;aspect_ratio&quot;:&quot;3:2&quot;,&quot;overlay_background&quot;:&quot;yes&quot;,&quot;content_hover_animation&quot;:&quot;fade-in&quot;}\" data-widget_type=\"gallery.default\">\n\t\t\t\t<div class=\"elementor-widget-container\">\n\t\t\t\t\t\t\t<div class=\"elementor-gallery__container\">\n\t\t\t\t\t\t\t<a class=\"e-gallery-item elementor-gallery-item elementor-animated-content\" href=\"https:\/\/levadon.fr\/wp-content\/uploads\/2024\/02\/ExpoBoulevardNord.jpg\" data-elementor-open-lightbox=\"yes\" data-elementor-lightbox-slideshow=\"66e7226\" data-e-action-hash=\"#elementor-action%3Aaction%3Dlightbox%26settings%3DeyJpZCI6MTI1MjgsInVybCI6Imh0dHBzOlwvXC9sZXZhZG9uLmZyXC93cC1jb250ZW50XC91cGxvYWRzXC8yMDI0XC8wMlwvRXhwb0JvdWxldmFyZE5vcmQuanBnIiwic2xpZGVzaG93IjoiNjZlNzIyNiJ9\">\n\t\t\t\t\t<div class=\"e-gallery-image elementor-gallery-item__image\" data-thumbnail=\"https:\/\/levadon.fr\/wp-content\/uploads\/2024\/02\/ExpoBoulevardNord.jpg\" data-width=\"750\" data-height=\"1000\" aria-label=\"INTERIEUR NORD\" role=\"img\" ><\/div>\n\t\t\t\t\t\t\t\t\t\t\t<div class=\"elementor-gallery-item__overlay\"><\/div>\n\t\t\t\t\t\t\t\t\t\t\t\t\t\t\t<div class=\"elementor-gallery-item__content\">\n\t\t\t\t\t\t\t\t\t\t\t\t\t\t<div class=\"elementor-gallery-item__title\">\n\t\t\t\t\t\t\t\t\t\t\t\t\t\t\t\t\t\tVers 1950. Vue du boulevard int\u00e9rieur nord\t\t\t\t\t\t\t\t<\/div>\n\t\t\t\t\t\t\t\t\t\t\t\t<\/div>\n\t\t\t\t\t\t\t\t\t<\/a>\n\t\t\t\t\t\t\t<a class=\"e-gallery-item elementor-gallery-item elementor-animated-content\" href=\"https:\/\/levadon.fr\/wp-content\/uploads\/2024\/02\/ExpoCouture.jpg\" data-elementor-open-lightbox=\"yes\" data-elementor-lightbox-slideshow=\"66e7226\" data-e-action-hash=\"#elementor-action%3Aaction%3Dlightbox%26settings%3DeyJpZCI6MTI1MjksInVybCI6Imh0dHBzOlwvXC9sZXZhZG9uLmZyXC93cC1jb250ZW50XC91cGxvYWRzXC8yMDI0XC8wMlwvRXhwb0NvdXR1cmUuanBnIiwic2xpZGVzaG93IjoiNjZlNzIyNiJ9\">\n\t\t\t\t\t<div class=\"e-gallery-image elementor-gallery-item__image\" data-thumbnail=\"https:\/\/levadon.fr\/wp-content\/uploads\/2024\/02\/ExpoCouture.jpg\" data-width=\"750\" data-height=\"1000\" aria-label=\"Atelier de couture\" role=\"img\" ><\/div>\n\t\t\t\t\t\t\t\t\t\t\t<div class=\"elementor-gallery-item__overlay\"><\/div>\n\t\t\t\t\t\t\t\t\t\t\t\t\t\t\t<div class=\"elementor-gallery-item__content\">\n\t\t\t\t\t\t\t\t\t\t\t\t\t\t<div class=\"elementor-gallery-item__title\">\n\t\t\t\t\t\t\t\t\t\t\t\t\t\t\t\t\t\tVers 1930. personnel de l'atelier de Couture d'Antonia Servel, situ\u00e9 au 11 rue Louis Blanc\t\t\t\t\t\t\t\t<\/div>\n\t\t\t\t\t\t\t\t\t\t\t\t<\/div>\n\t\t\t\t\t\t\t\t\t<\/a>\n\t\t\t\t\t\t\t<a class=\"e-gallery-item elementor-gallery-item elementor-animated-content\" href=\"https:\/\/levadon.fr\/wp-content\/uploads\/2024\/02\/ExpoDeuxfreres.jpg\" data-elementor-open-lightbox=\"yes\" data-elementor-lightbox-slideshow=\"66e7226\" data-e-action-hash=\"#elementor-action%3Aaction%3Dlightbox%26settings%3DeyJpZCI6MTI1MzAsInVybCI6Imh0dHBzOlwvXC9sZXZhZG9uLmZyXC93cC1jb250ZW50XC91cGxvYWRzXC8yMDI0XC8wMlwvRXhwb0RldXhmcmVyZXMuanBnIiwic2xpZGVzaG93IjoiNjZlNzIyNiJ9\">\n\t\t\t\t\t<div class=\"e-gallery-image elementor-gallery-item__image\" data-thumbnail=\"https:\/\/levadon.fr\/wp-content\/uploads\/2024\/02\/ExpoDeuxfreres.jpg\" data-width=\"750\" data-height=\"1000\" aria-label=\"LES DEUX FRERES\" role=\"img\" ><\/div>\n\t\t\t\t\t\t\t\t\t\t\t<div class=\"elementor-gallery-item__overlay\"><\/div>\n\t\t\t\t\t\t\t\t\t\t\t\t\t\t\t<div class=\"elementor-gallery-item__content\">\n\t\t\t\t\t\t\t\t\t\t\t\t\t\t<div class=\"elementor-gallery-item__title\">\n\t\t\t\t\t\t\t\t\t\t\t\t\t\t\t\t\t\t30 Juillet 1932. Paul et Charles Jeannel. Vue prise par des touristes \u00e0 la tour des Cordeliers.\n\t\t\t\t\t\t\t\t<\/div>\n\t\t\t\t\t\t\t\t\t\t\t\t<\/div>\n\t\t\t\t\t\t\t\t\t<\/a>\n\t\t\t\t\t\t\t<a class=\"e-gallery-item elementor-gallery-item elementor-animated-content\" href=\"https:\/\/levadon.fr\/wp-content\/uploads\/2024\/02\/ExpoEnfant.jpg\" data-elementor-open-lightbox=\"yes\" data-elementor-lightbox-slideshow=\"66e7226\" data-e-action-hash=\"#elementor-action%3Aaction%3Dlightbox%26settings%3DeyJpZCI6MTI1MzEsInVybCI6Imh0dHBzOlwvXC9sZXZhZG9uLmZyXC93cC1jb250ZW50XC91cGxvYWRzXC8yMDI0XC8wMlwvRXhwb0VuZmFudC5qcGciLCJzbGlkZXNob3ciOiI2NmU3MjI2In0%3D\">\n\t\t\t\t\t<div class=\"e-gallery-image elementor-gallery-item__image\" data-thumbnail=\"https:\/\/levadon.fr\/wp-content\/uploads\/2024\/02\/ExpoEnfant.jpg\" data-width=\"667\" data-height=\"1000\" aria-label=\"JEAN PALACIO\" role=\"img\" ><\/div>\n\t\t\t\t\t\t\t\t\t\t\t<div class=\"elementor-gallery-item__overlay\"><\/div>\n\t\t\t\t\t\t\t\t\t\t\t\t\t\t\t<div class=\"elementor-gallery-item__content\">\n\t\t\t\t\t\t\t\t\t\t\t\t\t\t<div class=\"elementor-gallery-item__title\">\n\t\t\t\t\t\t\t\t\t\t\t\t\t\t\t\t\t\tplace Anatole France\nvers 1954. Jeux d'enfants. Au premier plan, Jean Palacio\t\t\t\t\t\t\t\t<\/div>\n\t\t\t\t\t\t\t\t\t\t\t\t<\/div>\n\t\t\t\t\t\t\t\t\t<\/a>\n\t\t\t\t\t\t\t<a class=\"e-gallery-item elementor-gallery-item elementor-animated-content\" href=\"https:\/\/levadon.fr\/wp-content\/uploads\/2024\/02\/ExpoIndienne.jpg\" data-elementor-open-lightbox=\"yes\" data-elementor-lightbox-slideshow=\"66e7226\" data-e-action-hash=\"#elementor-action%3Aaction%3Dlightbox%26settings%3DeyJpZCI6MTI1MzIsInVybCI6Imh0dHBzOlwvXC9sZXZhZG9uLmZyXC93cC1jb250ZW50XC91cGxvYWRzXC8yMDI0XC8wMlwvRXhwb0luZGllbm5lLmpwZyIsInNsaWRlc2hvdyI6IjY2ZTcyMjYifQ%3D%3D\">\n\t\t\t\t\t<div class=\"e-gallery-image elementor-gallery-item__image\" data-thumbnail=\"https:\/\/levadon.fr\/wp-content\/uploads\/2024\/02\/ExpoIndienne.jpg\" data-width=\"750\" data-height=\"1000\" aria-label=\"PETITE INDIENNE\" role=\"img\" ><\/div>\n\t\t\t\t\t\t\t\t\t\t\t<div class=\"elementor-gallery-item__overlay\"><\/div>\n\t\t\t\t\t\t\t\t\t\t\t\t\t\t\t<div class=\"elementor-gallery-item__content\">\n\t\t\t\t\t\t\t\t\t\t\t\t\t\t<div class=\"elementor-gallery-item__title\">\n\t\t\t\t\t\t\t\t\t\t\t\t\t\t\t\t\t\tAnn\u00e9es 50. La petite indienne, pr\u00e9paration au spectacle de fin d'ann\u00e9e, \u00e9cole des filles.\t\t\t\t\t\t\t\t<\/div>\n\t\t\t\t\t\t\t\t\t\t\t\t<\/div>\n\t\t\t\t\t\t\t\t\t<\/a>\n\t\t\t\t\t\t\t<a class=\"e-gallery-item elementor-gallery-item elementor-animated-content\" href=\"https:\/\/levadon.fr\/wp-content\/uploads\/2024\/02\/ExpoMarandonTournaire.jpg\" data-elementor-open-lightbox=\"yes\" data-elementor-lightbox-slideshow=\"66e7226\" data-e-action-hash=\"#elementor-action%3Aaction%3Dlightbox%26settings%3DeyJpZCI6MTI1MzMsInVybCI6Imh0dHBzOlwvXC9sZXZhZG9uLmZyXC93cC1jb250ZW50XC91cGxvYWRzXC8yMDI0XC8wMlwvRXhwb01hcmFuZG9uVG91cm5haXJlLmpwZyIsInNsaWRlc2hvdyI6IjY2ZTcyMjYifQ%3D%3D\">\n\t\t\t\t\t<div class=\"e-gallery-image elementor-gallery-item__image\" data-thumbnail=\"https:\/\/levadon.fr\/wp-content\/uploads\/2024\/02\/ExpoMarandonTournaire.jpg\" data-width=\"750\" data-height=\"1000\" aria-label=\"MARANDON\" role=\"img\" ><\/div>\n\t\t\t\t\t\t\t\t\t\t\t<div class=\"elementor-gallery-item__overlay\"><\/div>\n\t\t\t\t\t\t\t\t\t\t\t\t\t\t\t<div class=\"elementor-gallery-item__content\">\n\t\t\t\t\t\t\t\t\t\t\t\t\t\t<div class=\"elementor-gallery-item__title\">\n\t\t\t\t\t\t\t\t\t\t\t\t\t\t\t\t\t\tVers 1938. Vue humoristique d' Etienne Marandon  et Jean Tournaire p\u00e8re, prise sur une station de lavage du sel.\t\t\t\t\t\t\t\t<\/div>\n\t\t\t\t\t\t\t\t\t\t\t\t<\/div>\n\t\t\t\t\t\t\t\t\t<\/a>\n\t\t\t\t\t\t\t<a class=\"e-gallery-item elementor-gallery-item elementor-animated-content\" href=\"https:\/\/levadon.fr\/wp-content\/uploads\/2024\/02\/ExpoOvrierSylvereal.jpg\" data-elementor-open-lightbox=\"yes\" data-elementor-lightbox-slideshow=\"66e7226\" data-e-action-hash=\"#elementor-action%3Aaction%3Dlightbox%26settings%3DeyJpZCI6MTI1MzQsInVybCI6Imh0dHBzOlwvXC9sZXZhZG9uLmZyXC93cC1jb250ZW50XC91cGxvYWRzXC8yMDI0XC8wMlwvRXhwb092cmllclN5bHZlcmVhbC5qcGciLCJzbGlkZXNob3ciOiI2NmU3MjI2In0%3D\">\n\t\t\t\t\t<div class=\"e-gallery-image elementor-gallery-item__image\" data-thumbnail=\"https:\/\/levadon.fr\/wp-content\/uploads\/2024\/02\/ExpoOvrierSylvereal.jpg\" data-width=\"750\" data-height=\"1000\" aria-label=\"SYLVEREAL\" role=\"img\" ><\/div>\n\t\t\t\t\t\t\t\t\t\t\t<div class=\"elementor-gallery-item__overlay\"><\/div>\n\t\t\t\t\t\t\t\t\t\t\t\t\t\t\t<div class=\"elementor-gallery-item__content\">\n\t\t\t\t\t\t\t\t\t\t\t\t\t\t<div class=\"elementor-gallery-item__title\">\n\t\t\t\t\t\t\t\t\t\t\t\t\t\t\t\t\t\tSylv\u00e9r\u00e9al 1947. Ouvrier traversant le petit Rh\u00f4ne sur sur bac provisoire, avant la reconstruction du pont\n\t\t\t\t\t\t\t\t<\/div>\n\t\t\t\t\t\t\t\t\t\t\t\t<\/div>\n\t\t\t\t\t\t\t\t\t<\/a>\n\t\t\t\t\t\t\t<a class=\"e-gallery-item elementor-gallery-item elementor-animated-content\" href=\"https:\/\/levadon.fr\/wp-content\/uploads\/2024\/02\/ExpoPlace.jpg\" data-elementor-open-lightbox=\"yes\" data-elementor-lightbox-slideshow=\"66e7226\" data-e-action-hash=\"#elementor-action%3Aaction%3Dlightbox%26settings%3DeyJpZCI6MTI1MzUsInVybCI6Imh0dHBzOlwvXC9sZXZhZG9uLmZyXC93cC1jb250ZW50XC91cGxvYWRzXC8yMDI0XC8wMlwvRXhwb1BsYWNlLmpwZyIsInNsaWRlc2hvdyI6IjY2ZTcyMjYifQ%3D%3D\">\n\t\t\t\t\t<div class=\"e-gallery-image elementor-gallery-item__image\" data-thumbnail=\"https:\/\/levadon.fr\/wp-content\/uploads\/2024\/02\/ExpoPlace-768x768.jpg\" data-width=\"768\" data-height=\"768\" aria-label=\"la place apr\u00e8s la pluie\" role=\"img\" ><\/div>\n\t\t\t\t\t\t\t\t\t\t\t<div class=\"elementor-gallery-item__overlay\"><\/div>\n\t\t\t\t\t\t\t\t\t\t\t\t\t\t\t<div class=\"elementor-gallery-item__content\">\n\t\t\t\t\t\t\t\t\t\t\t\t\t\t<div class=\"elementor-gallery-item__title\">\n\t\t\t\t\t\t\t\t\t\t\t\t\t\t\t\t\t\t1947. Apr\u00e8s la pluie, place Saint Louis\t\t\t\t\t\t\t\t<\/div>\n\t\t\t\t\t\t\t\t\t\t\t\t<\/div>\n\t\t\t\t\t\t\t\t\t<\/a>\n\t\t\t\t\t\t\t<a class=\"e-gallery-item elementor-gallery-item elementor-animated-content\" href=\"https:\/\/levadon.fr\/wp-content\/uploads\/2024\/02\/ExpoPontRadelle.jpg\" data-elementor-open-lightbox=\"yes\" data-elementor-lightbox-slideshow=\"66e7226\" data-e-action-hash=\"#elementor-action%3Aaction%3Dlightbox%26settings%3DeyJpZCI6MTI1MzYsInVybCI6Imh0dHBzOlwvXC9sZXZhZG9uLmZyXC93cC1jb250ZW50XC91cGxvYWRzXC8yMDI0XC8wMlwvRXhwb1BvbnRSYWRlbGxlLmpwZyIsInNsaWRlc2hvdyI6IjY2ZTcyMjYifQ%3D%3D\">\n\t\t\t\t\t<div class=\"e-gallery-image elementor-gallery-item__image\" data-thumbnail=\"https:\/\/levadon.fr\/wp-content\/uploads\/2024\/02\/ExpoPontRadelle-768x576.jpg\" data-width=\"768\" data-height=\"576\" aria-label=\"la radelle\" role=\"img\" ><\/div>\n\t\t\t\t\t\t\t\t\t\t\t<div class=\"elementor-gallery-item__overlay\"><\/div>\n\t\t\t\t\t\t\t\t\t\t\t\t\t\t\t<div class=\"elementor-gallery-item__content\">\n\t\t\t\t\t\t\t\t\t\t\t\t\t\t<div class=\"elementor-gallery-item__title\">\n\t\t\t\t\t\t\t\t\t\t\t\t\t\t\t\t\t\tLe pont rouge, la Radelle vers 1957. Travaux avec passerelle provisoire\t\t\t\t\t\t\t\t<\/div>\n\t\t\t\t\t\t\t\t\t\t\t\t<\/div>\n\t\t\t\t\t\t\t\t\t<\/a>\n\t\t\t\t\t\t\t<a class=\"e-gallery-item elementor-gallery-item elementor-animated-content\" href=\"https:\/\/levadon.fr\/wp-content\/uploads\/2024\/02\/ExpoPrises.jpg\" data-elementor-open-lightbox=\"yes\" data-elementor-lightbox-slideshow=\"66e7226\" data-e-action-hash=\"#elementor-action%3Aaction%3Dlightbox%26settings%3DeyJpZCI6MTI1MzcsInVybCI6Imh0dHBzOlwvXC9sZXZhZG9uLmZyXC93cC1jb250ZW50XC91cGxvYWRzXC8yMDI0XC8wMlwvRXhwb1ByaXNlcy5qcGciLCJzbGlkZXNob3ciOiI2NmU3MjI2In0%3D\">\n\t\t\t\t\t<div class=\"e-gallery-image elementor-gallery-item__image\" data-thumbnail=\"https:\/\/levadon.fr\/wp-content\/uploads\/2024\/02\/ExpoPrises-768x576.jpg\" data-width=\"768\" data-height=\"576\" aria-label=\"les prises vers 1950\" role=\"img\" ><\/div>\n\t\t\t\t\t\t\t\t\t\t\t<div class=\"elementor-gallery-item__overlay\"><\/div>\n\t\t\t\t\t\t\t\t\t\t\t\t\t\t\t<div class=\"elementor-gallery-item__content\">\n\t\t\t\t\t\t\t\t\t\t\t\t\t\t<div class=\"elementor-gallery-item__title\">\n\t\t\t\t\t\t\t\t\t\t\t\t\t\t\t\t\t\tVers 1950. Vue des prises de la 2\t\t\t\t\t\t\t\t<\/div>\n\t\t\t\t\t\t\t\t\t\t\t\t<\/div>\n\t\t\t\t\t\t\t\t\t<\/a>\n\t\t\t\t\t\t\t<a class=\"e-gallery-item elementor-gallery-item elementor-animated-content\" href=\"https:\/\/levadon.fr\/wp-content\/uploads\/2024\/02\/ExpoTheatreVille.jpg\" data-elementor-open-lightbox=\"yes\" data-elementor-lightbox-slideshow=\"66e7226\" data-e-action-hash=\"#elementor-action%3Aaction%3Dlightbox%26settings%3DeyJpZCI6MTI1MzgsInVybCI6Imh0dHBzOlwvXC9sZXZhZG9uLmZyXC93cC1jb250ZW50XC91cGxvYWRzXC8yMDI0XC8wMlwvRXhwb1RoZWF0cmVWaWxsZS5qcGciLCJzbGlkZXNob3ciOiI2NmU3MjI2In0%3D\">\n\t\t\t\t\t<div class=\"e-gallery-image elementor-gallery-item__image\" data-thumbnail=\"https:\/\/levadon.fr\/wp-content\/uploads\/2024\/02\/ExpoTheatreVille-768x766.jpg\" data-width=\"768\" data-height=\"766\" aria-label=\"th\u00e9\u00e2tre de la ville\" role=\"img\" ><\/div>\n\t\t\t\t\t\t\t\t\t\t\t<div class=\"elementor-gallery-item__overlay\"><\/div>\n\t\t\t\t\t\t\t\t\t\t\t\t\t\t\t<div class=\"elementor-gallery-item__content\">\n\t\t\t\t\t\t\t\t\t\t\t\t\t\t<div class=\"elementor-gallery-item__title\">\n\t\t\t\t\t\t\t\t\t\t\t\t\t\t\t\t\t\tEv\u00e8nement au th\u00e9\u00e2tre de la ville en 1954\t\t\t\t\t\t\t\t<\/div>\n\t\t\t\t\t\t\t\t\t\t\t\t<\/div>\n\t\t\t\t\t\t\t\t\t<\/a>\n\t\t\t\t\t\t\t<a class=\"e-gallery-item elementor-gallery-item elementor-animated-content\" href=\"https:\/\/levadon.fr\/wp-content\/uploads\/2024\/02\/ExpoVendandes-Quincandon.jpg\" data-elementor-open-lightbox=\"yes\" data-elementor-lightbox-slideshow=\"66e7226\" data-e-action-hash=\"#elementor-action%3Aaction%3Dlightbox%26settings%3DeyJpZCI6MTI1MzksInVybCI6Imh0dHBzOlwvXC9sZXZhZG9uLmZyXC93cC1jb250ZW50XC91cGxvYWRzXC8yMDI0XC8wMlwvRXhwb1ZlbmRhbmRlcy1RdWluY2FuZG9uLmpwZyIsInNsaWRlc2hvdyI6IjY2ZTcyMjYifQ%3D%3D\">\n\t\t\t\t\t<div class=\"e-gallery-image elementor-gallery-item__image\" data-thumbnail=\"https:\/\/levadon.fr\/wp-content\/uploads\/2024\/02\/ExpoVendandes-Quincandon.jpg\" data-width=\"750\" data-height=\"1000\" aria-label=\"QUINCANDON\" role=\"img\" ><\/div>\n\t\t\t\t\t\t\t\t\t\t\t<div class=\"elementor-gallery-item__overlay\"><\/div>\n\t\t\t\t\t\t\t\t\t\t\t\t\t\t\t<div class=\"elementor-gallery-item__content\">\n\t\t\t\t\t\t\t\t\t\t\t\t\t\t<div class=\"elementor-gallery-item__title\">\n\t\t\t\t\t\t\t\t\t\t\t\t\t\t\t\t\t\t1940. Vue Prise le dernier jour de r\u00e9colte des raisins blancs \u00e0 Quincandon.\n\t\t\t\t\t\t\t\t<\/div>\n\t\t\t\t\t\t\t\t\t\t\t\t<\/div>\n\t\t\t\t\t\t\t\t\t<\/a>\n\t\t\t\t\t<\/div>\n\t\t\t\t\t<\/div>\n\t\t\t\t<\/div>\n\t\t\t\t<\/div>\n\t\t<div class=\"elementor-element elementor-element-128a695a e-flex e-con-boxed e-con e-parent\" data-id=\"128a695a\" data-element_type=\"container\" data-e-type=\"container\">\n\t\t\t\t\t<div class=\"e-con-inner\">\n\t\t<div class=\"elementor-element elementor-element-8fffd7f e-flex e-con-boxed e-con e-child\" data-id=\"8fffd7f\" data-element_type=\"container\" data-e-type=\"container\" data-settings=\"{&quot;background_background&quot;:&quot;classic&quot;}\">\n\t\t\t\t\t<div class=\"e-con-inner\">\n\t\t\t\t<div class=\"elementor-element elementor-element-26b8a253 elementor-align-center elementor-widget elementor-widget-button\" data-id=\"26b8a253\" data-element_type=\"widget\" data-e-type=\"widget\" data-widget_type=\"button.default\">\n\t\t\t\t<div class=\"elementor-widget-container\">\n\t\t\t\t\t\t\t\t\t<div class=\"elementor-button-wrapper\">\n\t\t\t\t\t<a class=\"elementor-button elementor-button-link elementor-size-sm\" href=\"#\">\n\t\t\t\t\t\t<span class=\"elementor-button-content-wrapper\">\n\t\t\t\t\t\t<span class=\"elementor-button-icon\">\n\t\t\t\t<svg aria-hidden=\"true\" class=\"e-font-icon-svg e-far-caret-square-up\" viewBox=\"0 0 448 512\" xmlns=\"http:\/\/www.w3.org\/2000\/svg\"><path d=\"M322.9 304H125.1c-10.7 0-16.1-13-8.5-20.5l98.9-98.3c4.7-4.7 12.2-4.7 16.9 0l98.9 98.3c7.7 7.5 2.3 20.5-8.4 20.5zM448 80v352c0 26.5-21.5 48-48 48H48c-26.5 0-48-21.5-48-48V80c0-26.5 21.5-48 48-48h352c26.5 0 48 21.5 48 48zm-48 346V86c0-3.3-2.7-6-6-6H54c-3.3 0-6 2.7-6 6v340c0 3.3 2.7 6 6 6h340c3.3 0 6-2.7 6-6z\"><\/path><\/svg>\t\t\t<\/span>\n\t\t\t\t\t\t\t\t\t<span class=\"elementor-button-text\">Haut de page<\/span>\n\t\t\t\t\t<\/span>\n\t\t\t\t\t<\/a>\n\t\t\t\t<\/div>\n\t\t\t\t\t\t\t\t<\/div>\n\t\t\t\t<\/div>\n\t\t\t\t\t<\/div>\n\t\t\t\t<\/div>\n\t\t\t\t\t<\/div>\n\t\t\t\t<\/div>\n\t\t\t\t<\/div>\n\t\t","protected":false},"excerpt":{"rendered":"<p>Expos s\u00e9lection d&rsquo;images. 1930-1960 Vers 1950. Vue du boulevard int\u00e9rieur nord Vers 1930. personnel de l&rsquo;atelier de Couture d&rsquo;Antonia Servel, situ\u00e9 au 11 rue Louis Blanc 30 Juillet 1932. Paul et Charles Jeannel. Vue prise par des touristes \u00e0 la tour des Cordeliers. place Anatole France vers 1954. Jeux d&rsquo;enfants. Au premier plan, Jean Palacio [&hellip;]<\/p>\n","protected":false},"author":1,"featured_media":0,"parent":0,"menu_order":0,"comment_status":"closed","ping_status":"closed","template":"","meta":{"footnotes":""},"class_list":["post-12518","page","type-page","status-publish","hentry"],"_links":{"self":[{"href":"https:\/\/levadon.fr\/index.php\/wp-json\/wp\/v2\/pages\/12518","targetHints":{"allow":["GET"]}}],"collection":[{"href":"https:\/\/levadon.fr\/index.php\/wp-json\/wp\/v2\/pages"}],"about":[{"href":"https:\/\/levadon.fr\/index.php\/wp-json\/wp\/v2\/types\/page"}],"author":[{"embeddable":true,"href":"https:\/\/levadon.fr\/index.php\/wp-json\/wp\/v2\/users\/1"}],"replies":[{"embeddable":true,"href":"https:\/\/levadon.fr\/index.php\/wp-json\/wp\/v2\/comments?post=12518"}],"version-history":[{"count":37,"href":"https:\/\/levadon.fr\/index.php\/wp-json\/wp\/v2\/pages\/12518\/revisions"}],"predecessor-version":[{"id":13660,"href":"https:\/\/levadon.fr\/index.php\/wp-json\/wp\/v2\/pages\/12518\/revisions\/13660"}],"wp:attachment":[{"href":"https:\/\/levadon.fr\/index.php\/wp-json\/wp\/v2\/media?parent=12518"}],"curies":[{"name":"wp","href":"https:\/\/api.w.org\/{rel}","templated":true}]}}